{"id":13970,"date":"2023-08-08T08:31:41","date_gmt":"2023-08-08T06:31:41","guid":{"rendered":"https:\/\/statkevicius.shop\/?post_type=product&#038;p=13970"},"modified":"2026-04-14T10:57:01","modified_gmt":"2026-04-14T08:57:01","slug":"fotoalbumas-know-what-you-need","status":"publish","type":"product","link":"https:\/\/statkevicius.shop\/en\/product\/fotoalbumas-know-what-you-need\/","title":{"rendered":"Photoalbum KNOW WHAT YOU NEED"},"content":{"rendered":"<div class=\"text_desc\">\n<p>Fashion photo album - the second book of J.Statkevicius. Maybe today it is just a beautiful, elegant album, but the time is running unstoppably and it will become a legacy, a fashion yearbook. The book shows only very  small part of the clothes created by J.Statkevicius., but they perfectly reflect only his caharacteristic aesthetics, the spirit of the time, without words speak of the designer's stubbornness and pursuit of perfection, it is simply the essence of his style. Year of issue - 2008, 191 p.<\/p>\n<p>&nbsp;<\/p>\n<\/div>","protected":false},"excerpt":{"rendered":"<p>Mados fotoalbumas &#8211; antroji J.Statkevi\u010diaus knyga. Galb\u016bt \u0161iandien tai &#8211; tik gra\u017eus, eleganti\u0161kas albumas, ta\u010diau laikas nesustabdomai b\u0117ga ir jis taps palikimu, mados metra\u0161\u010diu. Knygoje parodyta tik labai ma\u017ea dalelyt\u0117 Juozo Statkevi\u010diaus sukurt\u0173 drabu\u017ei\u0173, ta\u010diau jie puikiai atspindi tik jam b\u016bding\u0105 estetik\u0105, laiko dvasi\u0105, be \u017eod\u017ei\u0173 byloja apie dizainerio u\u017esispyrim\u0105 ir tobulumo siek\u012f, yra tiesiog [&hellip;]<\/p>","protected":false},"featured_media":14372,"comment_status":"open","ping_status":"closed","template":"","meta":[],"product_cat":[171],"product_tag":[],"yoast_head":"<!-- This site is optimized with the Yoast SEO plugin v21.7 - https:\/\/yoast.com\/wordpress\/plugins\/seo\/ -->\n<title>Fotoalbumas \u017dinau, ko jums reikia - JUOZAS STATKEVICIUS<\/title>\n<meta name=\"robots\" content=\"index, follow, max-snippet:-1, max-image-preview:large, max-video-preview:-1\" \/>\n<link rel=\"canonical\" href=\"https:\/\/statkevicius.shop\/en\/product\/fotoalbumas-know-what-you-need\/\" \/>\n<meta property=\"og:locale\" content=\"en_US\" \/>\n<meta property=\"og:type\" content=\"article\" \/>\n<meta property=\"og:title\" content=\"Fotoalbumas \u017dinau, ko jums reikia - JUOZAS STATKEVICIUS\" \/>\n<meta property=\"og:description\" content=\"Mados fotoalbumas &#8211; antroji J.Statkevi\u010diaus knyga. Galb\u016bt \u0161iandien tai &#8211; tik gra\u017eus, eleganti\u0161kas albumas, ta\u010diau laikas nesustabdomai b\u0117ga ir jis taps palikimu, mados metra\u0161\u010diu. Knygoje parodyta tik labai ma\u017ea dalelyt\u0117 Juozo Statkevi\u010diaus sukurt\u0173 drabu\u017ei\u0173, ta\u010diau jie puikiai atspindi tik jam b\u016bding\u0105 estetik\u0105, laiko dvasi\u0105, be \u017eod\u017ei\u0173 byloja apie dizainerio u\u017esispyrim\u0105 ir tobulumo siek\u012f, yra tiesiog [&hellip;]\" \/>\n<meta property=\"og:url\" content=\"https:\/\/statkevicius.shop\/en\/product\/fotoalbumas-know-what-you-need\/\" \/>\n<meta property=\"og:site_name\" content=\"JUOZAS STATKEVICIUS\" \/>\n<meta property=\"article:modified_time\" content=\"2026-04-14T08:57:01+00:00\" \/>\n<meta property=\"og:image\" content=\"https:\/\/statkevicius.shop\/wp-content\/uploads\/2023\/08\/knyga.png\" \/>\n\t<meta property=\"og:image:width\" content=\"1200\" \/>\n\t<meta property=\"og:image:height\" content=\"1200\" \/>\n\t<meta property=\"og:image:type\" content=\"image\/png\" \/>\n<meta name=\"twitter:card\" content=\"summary_large_image\" \/>\n<meta name=\"twitter:label1\" content=\"Est. reading time\" \/>\n\t<meta name=\"twitter:data1\" content=\"1 minute\" \/>\n<script type=\"application\/ld+json\" class=\"yoast-schema-graph\">{\"@context\":\"https:\/\/schema.org\",\"@graph\":[{\"@type\":\"WebPage\",\"@id\":\"https:\/\/statkevicius.shop\/produktas\/fotoalbumas-know-what-you-need\/\",\"url\":\"https:\/\/statkevicius.shop\/produktas\/fotoalbumas-know-what-you-need\/\",\"name\":\"Fotoalbumas \u017dinau, ko jums reikia - JUOZAS STATKEVICIUS\",\"isPartOf\":{\"@id\":\"https:\/\/statkevicius.shop\/en\/#website\"},\"datePublished\":\"2023-08-08T06:31:41+00:00\",\"dateModified\":\"2026-04-14T08:57:01+00:00\",\"breadcrumb\":{\"@id\":\"https:\/\/statkevicius.shop\/produktas\/fotoalbumas-know-what-you-need\/#breadcrumb\"},\"inLanguage\":\"en-US\",\"potentialAction\":[{\"@type\":\"ReadAction\",\"target\":[\"https:\/\/statkevicius.shop\/produktas\/fotoalbumas-know-what-you-need\/\"]}]},{\"@type\":\"BreadcrumbList\",\"@id\":\"https:\/\/statkevicius.shop\/produktas\/fotoalbumas-know-what-you-need\/#breadcrumb\",\"itemListElement\":[{\"@type\":\"ListItem\",\"position\":1,\"name\":\"Home\",\"item\":\"https:\/\/statkevicius.shop\/en\/\"},{\"@type\":\"ListItem\",\"position\":2,\"name\":\"Parduotuv\u0117\",\"item\":\"https:\/\/statkevicius.shop\/en\/\"},{\"@type\":\"ListItem\",\"position\":3,\"name\":\"Fotoalbumas \u017dinau, ko jums reikia\"}]},{\"@type\":\"WebSite\",\"@id\":\"https:\/\/statkevicius.shop\/en\/#website\",\"url\":\"https:\/\/statkevicius.shop\/en\/\",\"name\":\"JUOZAS STATKEVICIUS\",\"description\":\"Couture\",\"publisher\":{\"@id\":\"https:\/\/statkevicius.shop\/en\/#organization\"},\"potentialAction\":[{\"@type\":\"SearchAction\",\"target\":{\"@type\":\"EntryPoint\",\"urlTemplate\":\"https:\/\/statkevicius.shop\/en\/?s={search_term_string}\"},\"query-input\":\"required name=search_term_string\"}],\"inLanguage\":\"en-US\"},{\"@type\":\"Organization\",\"@id\":\"https:\/\/statkevicius.shop\/en\/#organization\",\"name\":\"JUOZAS STATKEVICIUS\",\"url\":\"https:\/\/statkevicius.shop\/en\/\",\"logo\":{\"@type\":\"ImageObject\",\"inLanguage\":\"en-US\",\"@id\":\"https:\/\/statkevicius.shop\/en\/#\/schema\/logo\/image\/\",\"url\":\"https:\/\/statkevicius.shop\/wp-content\/uploads\/2023\/04\/cropped-JS-logo.png\",\"contentUrl\":\"https:\/\/statkevicius.shop\/wp-content\/uploads\/2023\/04\/cropped-JS-logo.png\",\"width\":842,\"height\":93,\"caption\":\"JUOZAS STATKEVICIUS\"},\"image\":{\"@id\":\"https:\/\/statkevicius.shop\/en\/#\/schema\/logo\/image\/\"}}]}<\/script>\n<!-- \/ Yoast SEO plugin. -->","yoast_head_json":{"title":"Fotoalbumas \u017dinau, ko jums reikia - JUOZAS STATKEVICIUS","robots":{"index":"index","follow":"follow","max-snippet":"max-snippet:-1","max-image-preview":"max-image-preview:large","max-video-preview":"max-video-preview:-1"},"canonical":"https:\/\/statkevicius.shop\/en\/product\/fotoalbumas-know-what-you-need\/","og_locale":"en_US","og_type":"article","og_title":"Fotoalbumas \u017dinau, ko jums reikia - JUOZAS STATKEVICIUS","og_description":"Mados fotoalbumas &#8211; antroji J.Statkevi\u010diaus knyga. Galb\u016bt \u0161iandien tai &#8211; tik gra\u017eus, eleganti\u0161kas albumas, ta\u010diau laikas nesustabdomai b\u0117ga ir jis taps palikimu, mados metra\u0161\u010diu. Knygoje parodyta tik labai ma\u017ea dalelyt\u0117 Juozo Statkevi\u010diaus sukurt\u0173 drabu\u017ei\u0173, ta\u010diau jie puikiai atspindi tik jam b\u016bding\u0105 estetik\u0105, laiko dvasi\u0105, be \u017eod\u017ei\u0173 byloja apie dizainerio u\u017esispyrim\u0105 ir tobulumo siek\u012f, yra tiesiog [&hellip;]","og_url":"https:\/\/statkevicius.shop\/en\/product\/fotoalbumas-know-what-you-need\/","og_site_name":"JUOZAS STATKEVICIUS","article_modified_time":"2026-04-14T08:57:01+00:00","og_image":[{"width":1200,"height":1200,"url":"https:\/\/statkevicius.shop\/wp-content\/uploads\/2023\/08\/knyga.png","type":"image\/png"}],"twitter_card":"summary_large_image","twitter_misc":{"Est. reading time":"1 minute"},"schema":{"@context":"https:\/\/schema.org","@graph":[{"@type":"WebPage","@id":"https:\/\/statkevicius.shop\/produktas\/fotoalbumas-know-what-you-need\/","url":"https:\/\/statkevicius.shop\/produktas\/fotoalbumas-know-what-you-need\/","name":"Fotoalbumas \u017dinau, ko jums reikia - JUOZAS STATKEVICIUS","isPartOf":{"@id":"https:\/\/statkevicius.shop\/en\/#website"},"datePublished":"2023-08-08T06:31:41+00:00","dateModified":"2026-04-14T08:57:01+00:00","breadcrumb":{"@id":"https:\/\/statkevicius.shop\/produktas\/fotoalbumas-know-what-you-need\/#breadcrumb"},"inLanguage":"en-US","potentialAction":[{"@type":"ReadAction","target":["https:\/\/statkevicius.shop\/produktas\/fotoalbumas-know-what-you-need\/"]}]},{"@type":"BreadcrumbList","@id":"https:\/\/statkevicius.shop\/produktas\/fotoalbumas-know-what-you-need\/#breadcrumb","itemListElement":[{"@type":"ListItem","position":1,"name":"Home","item":"https:\/\/statkevicius.shop\/en\/"},{"@type":"ListItem","position":2,"name":"Parduotuv\u0117","item":"https:\/\/statkevicius.shop\/en\/"},{"@type":"ListItem","position":3,"name":"Fotoalbumas \u017dinau, ko jums reikia"}]},{"@type":"WebSite","@id":"https:\/\/statkevicius.shop\/en\/#website","url":"https:\/\/statkevicius.shop\/en\/","name":"JUOZAS STATKEVICIUS","description":"Couture","publisher":{"@id":"https:\/\/statkevicius.shop\/en\/#organization"},"potentialAction":[{"@type":"SearchAction","target":{"@type":"EntryPoint","urlTemplate":"https:\/\/statkevicius.shop\/en\/?s={search_term_string}"},"query-input":"required name=search_term_string"}],"inLanguage":"en-US"},{"@type":"Organization","@id":"https:\/\/statkevicius.shop\/en\/#organization","name":"JUOZAS STATKEVICIUS","url":"https:\/\/statkevicius.shop\/en\/","logo":{"@type":"ImageObject","inLanguage":"en-US","@id":"https:\/\/statkevicius.shop\/en\/#\/schema\/logo\/image\/","url":"https:\/\/statkevicius.shop\/wp-content\/uploads\/2023\/04\/cropped-JS-logo.png","contentUrl":"https:\/\/statkevicius.shop\/wp-content\/uploads\/2023\/04\/cropped-JS-logo.png","width":842,"height":93,"caption":"JUOZAS STATKEVICIUS"},"image":{"@id":"https:\/\/statkevicius.shop\/en\/#\/schema\/logo\/image\/"}}]}},"_links":{"self":[{"href":"https:\/\/statkevicius.shop\/en\/wp-json\/wp\/v2\/product\/13970"}],"collection":[{"href":"https:\/\/statkevicius.shop\/en\/wp-json\/wp\/v2\/product"}],"about":[{"href":"https:\/\/statkevicius.shop\/en\/wp-json\/wp\/v2\/types\/product"}],"replies":[{"embeddable":true,"href":"https:\/\/statkevicius.shop\/en\/wp-json\/wp\/v2\/comments?post=13970"}],"wp:featuredmedia":[{"embeddable":true,"href":"https:\/\/statkevicius.shop\/en\/wp-json\/wp\/v2\/media\/14372"}],"wp:attachment":[{"href":"https:\/\/statkevicius.shop\/en\/wp-json\/wp\/v2\/media?parent=13970"}],"wp:term":[{"taxonomy":"product_cat","embeddable":true,"href":"https:\/\/statkevicius.shop\/en\/wp-json\/wp\/v2\/product_cat?post=13970"},{"taxonomy":"product_tag","embeddable":true,"href":"https:\/\/statkevicius.shop\/en\/wp-json\/wp\/v2\/product_tag?post=13970"}],"curies":[{"name":"wp","href":"https:\/\/api.w.org\/{rel}","templated":true}]}}