{"id":13969,"date":"2023-08-08T08:30:01","date_gmt":"2023-08-08T06:30:01","guid":{"rendered":"https:\/\/statkevicius.shop\/?post_type=product&#038;p=13969"},"modified":"2026-04-28T06:24:56","modified_gmt":"2026-04-28T04:24:56","slug":"knyga-juozas-statkevicius-1988-2018","status":"publish","type":"product","link":"https:\/\/statkevicius.shop\/en\/product\/knyga-juozas-statkevicius-1988-2018\/","title":{"rendered":"Book Juozas Statkevicius. 1988-2018"},"content":{"rendered":"<p>In this book, you will find numerous collections, opinions of prominent people, documentation of performances, and everything characteristic of Juozas Statkevi\u010dius, who has made Lithuania's name famous and unveiled the face of Lithuanian fashion to the sun and the world with his prolific work and diligence for three decades. This is a modern book, an album, a document, which, according to specialists, is worthy of a national award.<\/p>","protected":false},"excerpt":{"rendered":"<p>In this book, you will find numerous collections, opinions of prominent people, documentation of performances, and everything characteristic of Juozas Statkevi\u010dius, who has made Lithuania's name famous and unveiled the face of Lithuanian fashion to the sun and the world with his prolific work and diligence for three decades. This is a modern book, an album, a document, which, according to specialists, is worthy of a national award.<\/p>","protected":false},"featured_media":14366,"comment_status":"open","ping_status":"closed","template":"","meta":[],"product_cat":[171],"product_tag":[],"yoast_head":"<!-- This site is optimized with the Yoast SEO plugin v21.7 - https:\/\/yoast.com\/wordpress\/plugins\/seo\/ -->\n<title>Knyga Juozas Statkevi\u010dius. 1988-2018 - JUOZAS STATKEVICIUS<\/title>\n<meta name=\"robots\" content=\"index, follow, max-snippet:-1, max-image-preview:large, max-video-preview:-1\" \/>\n<link rel=\"canonical\" href=\"https:\/\/statkevicius.shop\/en\/product\/knyga-juozas-statkevicius-1988-2018\/\" \/>\n<meta property=\"og:locale\" content=\"en_US\" \/>\n<meta property=\"og:type\" content=\"article\" \/>\n<meta property=\"og:title\" content=\"Knyga Juozas Statkevi\u010dius. 1988-2018 - JUOZAS STATKEVICIUS\" \/>\n<meta property=\"og:description\" content=\"\u0160ioje knygoje rasite daug kolekcij\u0173, i\u0161kili\u0173 \u017emoni\u0173 nuomones, spektakli\u0173 dokumentacij\u0105 ir visa, kas b\u016bdinga Juozui Statkevi\u010diui, kuris savo darbais ir j\u0173 gausa, darb\u0161tumu jau tris de\u0161imtme\u010dius garsina Lietuvos vard\u0105 ir atv\u0117r\u0117 Lietuvos mados veid\u0105 saulei ir pasauliui. Tai \u0161iuolaiki\u0161ka knyga, albumas, dokumentas, pasak specialist\u0173, vertas nacionalin\u0117s premijos.\" \/>\n<meta property=\"og:url\" content=\"https:\/\/statkevicius.shop\/en\/product\/knyga-juozas-statkevicius-1988-2018\/\" \/>\n<meta property=\"og:site_name\" content=\"JUOZAS STATKEVICIUS\" \/>\n<meta property=\"article:modified_time\" content=\"2026-04-28T04:24:56+00:00\" \/>\n<meta property=\"og:image\" content=\"https:\/\/statkevicius.shop\/wp-content\/uploads\/2023\/08\/knyga-juozas-statkevicius-1988-2018.jpg1_-1.png\" \/>\n\t<meta property=\"og:image:width\" content=\"1907\" \/>\n\t<meta property=\"og:image:height\" content=\"1907\" \/>\n\t<meta property=\"og:image:type\" content=\"image\/png\" \/>\n<meta name=\"twitter:card\" content=\"summary_large_image\" \/>\n<meta name=\"twitter:label1\" content=\"Est. reading time\" \/>\n\t<meta name=\"twitter:data1\" content=\"1 minute\" \/>\n<script type=\"application\/ld+json\" class=\"yoast-schema-graph\">{\"@context\":\"https:\/\/schema.org\",\"@graph\":[{\"@type\":\"WebPage\",\"@id\":\"https:\/\/statkevicius.shop\/produktas\/knyga-juozas-statkevicius-1988-2018\/\",\"url\":\"https:\/\/statkevicius.shop\/produktas\/knyga-juozas-statkevicius-1988-2018\/\",\"name\":\"Knyga Juozas Statkevi\u010dius. 1988-2018 - JUOZAS STATKEVICIUS\",\"isPartOf\":{\"@id\":\"https:\/\/statkevicius.shop\/en\/#website\"},\"datePublished\":\"2023-08-08T06:30:01+00:00\",\"dateModified\":\"2026-04-28T04:24:56+00:00\",\"breadcrumb\":{\"@id\":\"https:\/\/statkevicius.shop\/produktas\/knyga-juozas-statkevicius-1988-2018\/#breadcrumb\"},\"inLanguage\":\"en-US\",\"potentialAction\":[{\"@type\":\"ReadAction\",\"target\":[\"https:\/\/statkevicius.shop\/produktas\/knyga-juozas-statkevicius-1988-2018\/\"]}]},{\"@type\":\"BreadcrumbList\",\"@id\":\"https:\/\/statkevicius.shop\/produktas\/knyga-juozas-statkevicius-1988-2018\/#breadcrumb\",\"itemListElement\":[{\"@type\":\"ListItem\",\"position\":1,\"name\":\"Home\",\"item\":\"https:\/\/statkevicius.shop\/en\/\"},{\"@type\":\"ListItem\",\"position\":2,\"name\":\"Parduotuv\u0117\",\"item\":\"https:\/\/statkevicius.shop\/en\/\"},{\"@type\":\"ListItem\",\"position\":3,\"name\":\"Knyga Juozas Statkevi\u010dius. 1988-2018\"}]},{\"@type\":\"WebSite\",\"@id\":\"https:\/\/statkevicius.shop\/en\/#website\",\"url\":\"https:\/\/statkevicius.shop\/en\/\",\"name\":\"JUOZAS STATKEVICIUS\",\"description\":\"Couture\",\"publisher\":{\"@id\":\"https:\/\/statkevicius.shop\/en\/#organization\"},\"potentialAction\":[{\"@type\":\"SearchAction\",\"target\":{\"@type\":\"EntryPoint\",\"urlTemplate\":\"https:\/\/statkevicius.shop\/en\/?s={search_term_string}\"},\"query-input\":\"required name=search_term_string\"}],\"inLanguage\":\"en-US\"},{\"@type\":\"Organization\",\"@id\":\"https:\/\/statkevicius.shop\/en\/#organization\",\"name\":\"JUOZAS STATKEVICIUS\",\"url\":\"https:\/\/statkevicius.shop\/en\/\",\"logo\":{\"@type\":\"ImageObject\",\"inLanguage\":\"en-US\",\"@id\":\"https:\/\/statkevicius.shop\/en\/#\/schema\/logo\/image\/\",\"url\":\"https:\/\/statkevicius.shop\/wp-content\/uploads\/2023\/04\/cropped-JS-logo.png\",\"contentUrl\":\"https:\/\/statkevicius.shop\/wp-content\/uploads\/2023\/04\/cropped-JS-logo.png\",\"width\":842,\"height\":93,\"caption\":\"JUOZAS STATKEVICIUS\"},\"image\":{\"@id\":\"https:\/\/statkevicius.shop\/en\/#\/schema\/logo\/image\/\"}}]}<\/script>\n<!-- \/ Yoast SEO plugin. -->","yoast_head_json":{"title":"Knyga Juozas Statkevi\u010dius. 1988-2018 - JUOZAS STATKEVICIUS","robots":{"index":"index","follow":"follow","max-snippet":"max-snippet:-1","max-image-preview":"max-image-preview:large","max-video-preview":"max-video-preview:-1"},"canonical":"https:\/\/statkevicius.shop\/en\/product\/knyga-juozas-statkevicius-1988-2018\/","og_locale":"en_US","og_type":"article","og_title":"Knyga Juozas Statkevi\u010dius. 1988-2018 - JUOZAS STATKEVICIUS","og_description":"\u0160ioje knygoje rasite daug kolekcij\u0173, i\u0161kili\u0173 \u017emoni\u0173 nuomones, spektakli\u0173 dokumentacij\u0105 ir visa, kas b\u016bdinga Juozui Statkevi\u010diui, kuris savo darbais ir j\u0173 gausa, darb\u0161tumu jau tris de\u0161imtme\u010dius garsina Lietuvos vard\u0105 ir atv\u0117r\u0117 Lietuvos mados veid\u0105 saulei ir pasauliui. Tai \u0161iuolaiki\u0161ka knyga, albumas, dokumentas, pasak specialist\u0173, vertas nacionalin\u0117s premijos.","og_url":"https:\/\/statkevicius.shop\/en\/product\/knyga-juozas-statkevicius-1988-2018\/","og_site_name":"JUOZAS STATKEVICIUS","article_modified_time":"2026-04-28T04:24:56+00:00","og_image":[{"width":1907,"height":1907,"url":"https:\/\/statkevicius.shop\/wp-content\/uploads\/2023\/08\/knyga-juozas-statkevicius-1988-2018.jpg1_-1.png","type":"image\/png"}],"twitter_card":"summary_large_image","twitter_misc":{"Est. reading time":"1 minute"},"schema":{"@context":"https:\/\/schema.org","@graph":[{"@type":"WebPage","@id":"https:\/\/statkevicius.shop\/produktas\/knyga-juozas-statkevicius-1988-2018\/","url":"https:\/\/statkevicius.shop\/produktas\/knyga-juozas-statkevicius-1988-2018\/","name":"Knyga Juozas Statkevi\u010dius. 1988-2018 - JUOZAS STATKEVICIUS","isPartOf":{"@id":"https:\/\/statkevicius.shop\/en\/#website"},"datePublished":"2023-08-08T06:30:01+00:00","dateModified":"2026-04-28T04:24:56+00:00","breadcrumb":{"@id":"https:\/\/statkevicius.shop\/produktas\/knyga-juozas-statkevicius-1988-2018\/#breadcrumb"},"inLanguage":"en-US","potentialAction":[{"@type":"ReadAction","target":["https:\/\/statkevicius.shop\/produktas\/knyga-juozas-statkevicius-1988-2018\/"]}]},{"@type":"BreadcrumbList","@id":"https:\/\/statkevicius.shop\/produktas\/knyga-juozas-statkevicius-1988-2018\/#breadcrumb","itemListElement":[{"@type":"ListItem","position":1,"name":"Home","item":"https:\/\/statkevicius.shop\/en\/"},{"@type":"ListItem","position":2,"name":"Parduotuv\u0117","item":"https:\/\/statkevicius.shop\/en\/"},{"@type":"ListItem","position":3,"name":"Knyga Juozas Statkevi\u010dius. 1988-2018"}]},{"@type":"WebSite","@id":"https:\/\/statkevicius.shop\/en\/#website","url":"https:\/\/statkevicius.shop\/en\/","name":"JUOZAS STATKEVICIUS","description":"Couture","publisher":{"@id":"https:\/\/statkevicius.shop\/en\/#organization"},"potentialAction":[{"@type":"SearchAction","target":{"@type":"EntryPoint","urlTemplate":"https:\/\/statkevicius.shop\/en\/?s={search_term_string}"},"query-input":"required name=search_term_string"}],"inLanguage":"en-US"},{"@type":"Organization","@id":"https:\/\/statkevicius.shop\/en\/#organization","name":"JUOZAS STATKEVICIUS","url":"https:\/\/statkevicius.shop\/en\/","logo":{"@type":"ImageObject","inLanguage":"en-US","@id":"https:\/\/statkevicius.shop\/en\/#\/schema\/logo\/image\/","url":"https:\/\/statkevicius.shop\/wp-content\/uploads\/2023\/04\/cropped-JS-logo.png","contentUrl":"https:\/\/statkevicius.shop\/wp-content\/uploads\/2023\/04\/cropped-JS-logo.png","width":842,"height":93,"caption":"JUOZAS STATKEVICIUS"},"image":{"@id":"https:\/\/statkevicius.shop\/en\/#\/schema\/logo\/image\/"}}]}},"_links":{"self":[{"href":"https:\/\/statkevicius.shop\/en\/wp-json\/wp\/v2\/product\/13969"}],"collection":[{"href":"https:\/\/statkevicius.shop\/en\/wp-json\/wp\/v2\/product"}],"about":[{"href":"https:\/\/statkevicius.shop\/en\/wp-json\/wp\/v2\/types\/product"}],"replies":[{"embeddable":true,"href":"https:\/\/statkevicius.shop\/en\/wp-json\/wp\/v2\/comments?post=13969"}],"wp:featuredmedia":[{"embeddable":true,"href":"https:\/\/statkevicius.shop\/en\/wp-json\/wp\/v2\/media\/14366"}],"wp:attachment":[{"href":"https:\/\/statkevicius.shop\/en\/wp-json\/wp\/v2\/media?parent=13969"}],"wp:term":[{"taxonomy":"product_cat","embeddable":true,"href":"https:\/\/statkevicius.shop\/en\/wp-json\/wp\/v2\/product_cat?post=13969"},{"taxonomy":"product_tag","embeddable":true,"href":"https:\/\/statkevicius.shop\/en\/wp-json\/wp\/v2\/product_tag?post=13969"}],"curies":[{"name":"wp","href":"https:\/\/api.w.org\/{rel}","templated":true}]}}