{"id":13044,"date":"2023-05-19T12:22:37","date_gmt":"2023-05-19T10:22:37","guid":{"rendered":"https:\/\/statkevicius.shop\/?post_type=product&#038;p=13044"},"modified":"2023-12-01T09:31:51","modified_gmt":"2023-12-01T07:31:51","slug":"belt-8","status":"publish","type":"product","link":"https:\/\/statkevicius.shop\/en\/product\/belt-8\/","title":{"rendered":"BELT"},"content":{"rendered":"<div class=\"text_desc\">\n<div class=\"text_desc\">\n<div class=\"text_desc\">\n<div class=\"text_desc\">\n<div class=\"text_desc\">\n<div class=\"text_desc\">\n<div class=\"text_desc\">\n<p>SIZE &amp;FIT INFORMATION<br \/>\nDesigned to be worn on the body<\/p>\n<p>PRODUCT INFORMATION<br \/>\nBuckle-fastening<br \/>\nAdjustable size<br \/>\nBody belt<br \/>\nMaterial :  Leather 100%<br \/>\nColor : Black<br \/>\nMade in Lithuania<\/p>\n<\/div>\n<\/div>\n<\/div>\n<\/div>\n<\/div>\n<\/div>\n<\/div>","protected":false},"excerpt":{"rendered":"<p>DYD\u017dIO IR TINKAMUMO INFORMACIJA Sukurta ne\u0161ioti ant k\u016bno PRODUKTO INFORMACIJA U\u017esegimas su sagtimi Reguliuojamas dydis K\u016bno dir\u017eas Med\u017eiaga: 100% oda Spalva: Juoda Pagaminta Lietuvoje<\/p>","protected":false},"featured_media":13048,"comment_status":"open","ping_status":"closed","template":"","meta":[],"product_cat":[108,106],"product_tag":[],"yoast_head":"<!-- This site is optimized with the Yoast SEO plugin v21.7 - https:\/\/yoast.com\/wordpress\/plugins\/seo\/ -->\n<title>DIR\u017dAS - JUOZAS STATKEVICIUS<\/title>\n<meta name=\"robots\" content=\"index, follow, max-snippet:-1, max-image-preview:large, max-video-preview:-1\" \/>\n<link rel=\"canonical\" href=\"https:\/\/statkevicius.shop\/en\/product\/belt-8\/\" \/>\n<meta property=\"og:locale\" content=\"en_US\" \/>\n<meta property=\"og:type\" content=\"article\" \/>\n<meta property=\"og:title\" content=\"DIR\u017dAS - JUOZAS STATKEVICIUS\" \/>\n<meta property=\"og:description\" content=\"DYD\u017dIO IR TINKAMUMO INFORMACIJA Sukurta ne\u0161ioti ant k\u016bno PRODUKTO INFORMACIJA U\u017esegimas su sagtimi Reguliuojamas dydis K\u016bno dir\u017eas Med\u017eiaga: 100% oda Spalva: Juoda Pagaminta Lietuvoje\" \/>\n<meta property=\"og:url\" content=\"https:\/\/statkevicius.shop\/en\/product\/belt-8\/\" \/>\n<meta property=\"og:site_name\" content=\"JUOZAS STATKEVICIUS\" \/>\n<meta property=\"article:modified_time\" content=\"2023-12-01T07:31:51+00:00\" \/>\n<meta property=\"og:image\" content=\"https:\/\/statkevicius.shop\/wp-content\/uploads\/2023\/05\/9919_cf066426.jpg\" \/>\n\t<meta property=\"og:image:width\" content=\"2000\" \/>\n\t<meta property=\"og:image:height\" content=\"2000\" \/>\n\t<meta property=\"og:image:type\" content=\"image\/jpeg\" \/>\n<meta name=\"twitter:card\" content=\"summary_large_image\" \/>\n<script type=\"application\/ld+json\" class=\"yoast-schema-graph\">{\"@context\":\"https:\/\/schema.org\",\"@graph\":[{\"@type\":\"WebPage\",\"@id\":\"https:\/\/statkevicius.shop\/produktas\/belt-8\/\",\"url\":\"https:\/\/statkevicius.shop\/produktas\/belt-8\/\",\"name\":\"DIR\u017dAS - JUOZAS STATKEVICIUS\",\"isPartOf\":{\"@id\":\"https:\/\/statkevicius.shop\/en\/#website\"},\"datePublished\":\"2023-05-19T10:22:37+00:00\",\"dateModified\":\"2023-12-01T07:31:51+00:00\",\"breadcrumb\":{\"@id\":\"https:\/\/statkevicius.shop\/produktas\/belt-8\/#breadcrumb\"},\"inLanguage\":\"en-US\",\"potentialAction\":[{\"@type\":\"ReadAction\",\"target\":[\"https:\/\/statkevicius.shop\/produktas\/belt-8\/\"]}]},{\"@type\":\"BreadcrumbList\",\"@id\":\"https:\/\/statkevicius.shop\/produktas\/belt-8\/#breadcrumb\",\"itemListElement\":[{\"@type\":\"ListItem\",\"position\":1,\"name\":\"Home\",\"item\":\"https:\/\/statkevicius.shop\/en\/\"},{\"@type\":\"ListItem\",\"position\":2,\"name\":\"Parduotuv\u0117\",\"item\":\"https:\/\/statkevicius.shop\/en\/\"},{\"@type\":\"ListItem\",\"position\":3,\"name\":\"DIR\u017dAS\"}]},{\"@type\":\"WebSite\",\"@id\":\"https:\/\/statkevicius.shop\/en\/#website\",\"url\":\"https:\/\/statkevicius.shop\/en\/\",\"name\":\"JUOZAS STATKEVICIUS\",\"description\":\"Couture\",\"publisher\":{\"@id\":\"https:\/\/statkevicius.shop\/en\/#organization\"},\"potentialAction\":[{\"@type\":\"SearchAction\",\"target\":{\"@type\":\"EntryPoint\",\"urlTemplate\":\"https:\/\/statkevicius.shop\/en\/?s={search_term_string}\"},\"query-input\":\"required name=search_term_string\"}],\"inLanguage\":\"en-US\"},{\"@type\":\"Organization\",\"@id\":\"https:\/\/statkevicius.shop\/en\/#organization\",\"name\":\"JUOZAS STATKEVICIUS\",\"url\":\"https:\/\/statkevicius.shop\/en\/\",\"logo\":{\"@type\":\"ImageObject\",\"inLanguage\":\"en-US\",\"@id\":\"https:\/\/statkevicius.shop\/en\/#\/schema\/logo\/image\/\",\"url\":\"https:\/\/statkevicius.shop\/wp-content\/uploads\/2023\/04\/cropped-JS-logo.png\",\"contentUrl\":\"https:\/\/statkevicius.shop\/wp-content\/uploads\/2023\/04\/cropped-JS-logo.png\",\"width\":842,\"height\":93,\"caption\":\"JUOZAS STATKEVICIUS\"},\"image\":{\"@id\":\"https:\/\/statkevicius.shop\/en\/#\/schema\/logo\/image\/\"}}]}<\/script>\n<!-- \/ Yoast SEO plugin. -->","yoast_head_json":{"title":"DIR\u017dAS - JUOZAS STATKEVICIUS","robots":{"index":"index","follow":"follow","max-snippet":"max-snippet:-1","max-image-preview":"max-image-preview:large","max-video-preview":"max-video-preview:-1"},"canonical":"https:\/\/statkevicius.shop\/en\/product\/belt-8\/","og_locale":"en_US","og_type":"article","og_title":"DIR\u017dAS - JUOZAS STATKEVICIUS","og_description":"DYD\u017dIO IR TINKAMUMO INFORMACIJA Sukurta ne\u0161ioti ant k\u016bno PRODUKTO INFORMACIJA U\u017esegimas su sagtimi Reguliuojamas dydis K\u016bno dir\u017eas Med\u017eiaga: 100% oda Spalva: Juoda Pagaminta Lietuvoje","og_url":"https:\/\/statkevicius.shop\/en\/product\/belt-8\/","og_site_name":"JUOZAS STATKEVICIUS","article_modified_time":"2023-12-01T07:31:51+00:00","og_image":[{"width":2000,"height":2000,"url":"https:\/\/statkevicius.shop\/wp-content\/uploads\/2023\/05\/9919_cf066426.jpg","type":"image\/jpeg"}],"twitter_card":"summary_large_image","schema":{"@context":"https:\/\/schema.org","@graph":[{"@type":"WebPage","@id":"https:\/\/statkevicius.shop\/produktas\/belt-8\/","url":"https:\/\/statkevicius.shop\/produktas\/belt-8\/","name":"DIR\u017dAS - JUOZAS STATKEVICIUS","isPartOf":{"@id":"https:\/\/statkevicius.shop\/en\/#website"},"datePublished":"2023-05-19T10:22:37+00:00","dateModified":"2023-12-01T07:31:51+00:00","breadcrumb":{"@id":"https:\/\/statkevicius.shop\/produktas\/belt-8\/#breadcrumb"},"inLanguage":"en-US","potentialAction":[{"@type":"ReadAction","target":["https:\/\/statkevicius.shop\/produktas\/belt-8\/"]}]},{"@type":"BreadcrumbList","@id":"https:\/\/statkevicius.shop\/produktas\/belt-8\/#breadcrumb","itemListElement":[{"@type":"ListItem","position":1,"name":"Home","item":"https:\/\/statkevicius.shop\/en\/"},{"@type":"ListItem","position":2,"name":"Parduotuv\u0117","item":"https:\/\/statkevicius.shop\/en\/"},{"@type":"ListItem","position":3,"name":"DIR\u017dAS"}]},{"@type":"WebSite","@id":"https:\/\/statkevicius.shop\/en\/#website","url":"https:\/\/statkevicius.shop\/en\/","name":"JUOZAS STATKEVICIUS","description":"Couture","publisher":{"@id":"https:\/\/statkevicius.shop\/en\/#organization"},"potentialAction":[{"@type":"SearchAction","target":{"@type":"EntryPoint","urlTemplate":"https:\/\/statkevicius.shop\/en\/?s={search_term_string}"},"query-input":"required name=search_term_string"}],"inLanguage":"en-US"},{"@type":"Organization","@id":"https:\/\/statkevicius.shop\/en\/#organization","name":"JUOZAS STATKEVICIUS","url":"https:\/\/statkevicius.shop\/en\/","logo":{"@type":"ImageObject","inLanguage":"en-US","@id":"https:\/\/statkevicius.shop\/en\/#\/schema\/logo\/image\/","url":"https:\/\/statkevicius.shop\/wp-content\/uploads\/2023\/04\/cropped-JS-logo.png","contentUrl":"https:\/\/statkevicius.shop\/wp-content\/uploads\/2023\/04\/cropped-JS-logo.png","width":842,"height":93,"caption":"JUOZAS STATKEVICIUS"},"image":{"@id":"https:\/\/statkevicius.shop\/en\/#\/schema\/logo\/image\/"}}]}},"_links":{"self":[{"href":"https:\/\/statkevicius.shop\/en\/wp-json\/wp\/v2\/product\/13044"}],"collection":[{"href":"https:\/\/statkevicius.shop\/en\/wp-json\/wp\/v2\/product"}],"about":[{"href":"https:\/\/statkevicius.shop\/en\/wp-json\/wp\/v2\/types\/product"}],"replies":[{"embeddable":true,"href":"https:\/\/statkevicius.shop\/en\/wp-json\/wp\/v2\/comments?post=13044"}],"wp:featuredmedia":[{"embeddable":true,"href":"https:\/\/statkevicius.shop\/en\/wp-json\/wp\/v2\/media\/13048"}],"wp:attachment":[{"href":"https:\/\/statkevicius.shop\/en\/wp-json\/wp\/v2\/media?parent=13044"}],"wp:term":[{"taxonomy":"product_cat","embeddable":true,"href":"https:\/\/statkevicius.shop\/en\/wp-json\/wp\/v2\/product_cat?post=13044"},{"taxonomy":"product_tag","embeddable":true,"href":"https:\/\/statkevicius.shop\/en\/wp-json\/wp\/v2\/product_tag?post=13044"}],"curies":[{"name":"wp","href":"https:\/\/api.w.org\/{rel}","templated":true}]}}