{"id":12983,"date":"2023-05-19T11:51:53","date_gmt":"2023-05-19T09:51:53","guid":{"rendered":"https:\/\/statkevicius.shop\/?post_type=product&#038;p=12983"},"modified":"2024-03-06T08:57:06","modified_gmt":"2024-03-06T06:57:06","slug":"belt-3","status":"publish","type":"product","link":"https:\/\/statkevicius.shop\/en\/product\/belt-3\/","title":{"rendered":"BELT"},"content":{"rendered":"<div class=\"text_desc\">\n<div class=\"text_desc\">\n<p>SIZE &amp;FIT INFORMATION<br \/>\nDesigned to be worn on the hips<br \/>\nBelt length -  2 m<\/p>\n<p>PRODUCT INFORMATION<br \/>\nBuckle-fastening<br \/>\nUnisex style<br \/>\nAdjustable size<br \/>\nMaterial :  Leather 100%<br \/>\nColor : Black<br \/>\nMade in Lithuania<\/p>\n<\/div>\n<\/div>","protected":false},"excerpt":{"rendered":"<p>DYD\u017dIO IR TINKAMUMO INFORMACIJA Sukurta ne\u0161ioti ant klub\u0173 Dir\u017eo ilgis &#8211; 2m PRODUKTO INFORMACIJA U\u017esegimas su sagtimi Unisex stilius Reguliuojamas dydis Med\u017eiaga: 100% oda Spalva: Juoda Pagaminta Lietuvoje<\/p>","protected":false},"featured_media":12988,"comment_status":"open","ping_status":"closed","template":"","meta":[],"product_cat":[108,106],"product_tag":[],"yoast_head":"<!-- This site is optimized with the Yoast SEO plugin v21.7 - https:\/\/yoast.com\/wordpress\/plugins\/seo\/ -->\n<title>DIR\u017dAS - JUOZAS STATKEVICIUS<\/title>\n<meta name=\"robots\" content=\"index, follow, max-snippet:-1, max-image-preview:large, max-video-preview:-1\" \/>\n<link rel=\"canonical\" href=\"https:\/\/statkevicius.shop\/en\/product\/belt-3\/\" \/>\n<meta property=\"og:locale\" content=\"en_US\" \/>\n<meta property=\"og:type\" content=\"article\" \/>\n<meta property=\"og:title\" content=\"DIR\u017dAS - JUOZAS STATKEVICIUS\" \/>\n<meta property=\"og:description\" content=\"DYD\u017dIO IR TINKAMUMO INFORMACIJA Sukurta ne\u0161ioti ant klub\u0173 Dir\u017eo ilgis &#8211; 2m PRODUKTO INFORMACIJA U\u017esegimas su sagtimi Unisex stilius Reguliuojamas dydis Med\u017eiaga: 100% oda Spalva: Juoda Pagaminta Lietuvoje\" \/>\n<meta property=\"og:url\" content=\"https:\/\/statkevicius.shop\/en\/product\/belt-3\/\" \/>\n<meta property=\"og:site_name\" content=\"JUOZAS STATKEVICIUS\" \/>\n<meta property=\"article:modified_time\" content=\"2024-03-06T06:57:06+00:00\" \/>\n<meta property=\"og:image\" content=\"https:\/\/statkevicius.shop\/wp-content\/uploads\/2023\/05\/rs2500x2499_10919_dru_4911-copy-jpg.jpeg\" \/>\n\t<meta property=\"og:image:width\" content=\"2500\" \/>\n\t<meta property=\"og:image:height\" content=\"2499\" \/>\n\t<meta property=\"og:image:type\" content=\"image\/jpeg\" \/>\n<meta name=\"twitter:card\" content=\"summary_large_image\" \/>\n<script type=\"application\/ld+json\" class=\"yoast-schema-graph\">{\"@context\":\"https:\/\/schema.org\",\"@graph\":[{\"@type\":\"WebPage\",\"@id\":\"https:\/\/statkevicius.shop\/produktas\/belt-3\/\",\"url\":\"https:\/\/statkevicius.shop\/produktas\/belt-3\/\",\"name\":\"DIR\u017dAS - JUOZAS STATKEVICIUS\",\"isPartOf\":{\"@id\":\"https:\/\/statkevicius.shop\/en\/#website\"},\"datePublished\":\"2023-05-19T09:51:53+00:00\",\"dateModified\":\"2024-03-06T06:57:06+00:00\",\"breadcrumb\":{\"@id\":\"https:\/\/statkevicius.shop\/produktas\/belt-3\/#breadcrumb\"},\"inLanguage\":\"en-US\",\"potentialAction\":[{\"@type\":\"ReadAction\",\"target\":[\"https:\/\/statkevicius.shop\/produktas\/belt-3\/\"]}]},{\"@type\":\"BreadcrumbList\",\"@id\":\"https:\/\/statkevicius.shop\/produktas\/belt-3\/#breadcrumb\",\"itemListElement\":[{\"@type\":\"ListItem\",\"position\":1,\"name\":\"Home\",\"item\":\"https:\/\/statkevicius.shop\/en\/\"},{\"@type\":\"ListItem\",\"position\":2,\"name\":\"Parduotuv\u0117\",\"item\":\"https:\/\/statkevicius.shop\/en\/\"},{\"@type\":\"ListItem\",\"position\":3,\"name\":\"DIR\u017dAS\"}]},{\"@type\":\"WebSite\",\"@id\":\"https:\/\/statkevicius.shop\/en\/#website\",\"url\":\"https:\/\/statkevicius.shop\/en\/\",\"name\":\"JUOZAS STATKEVICIUS\",\"description\":\"Couture\",\"publisher\":{\"@id\":\"https:\/\/statkevicius.shop\/en\/#organization\"},\"potentialAction\":[{\"@type\":\"SearchAction\",\"target\":{\"@type\":\"EntryPoint\",\"urlTemplate\":\"https:\/\/statkevicius.shop\/en\/?s={search_term_string}\"},\"query-input\":\"required name=search_term_string\"}],\"inLanguage\":\"en-US\"},{\"@type\":\"Organization\",\"@id\":\"https:\/\/statkevicius.shop\/en\/#organization\",\"name\":\"JUOZAS STATKEVICIUS\",\"url\":\"https:\/\/statkevicius.shop\/en\/\",\"logo\":{\"@type\":\"ImageObject\",\"inLanguage\":\"en-US\",\"@id\":\"https:\/\/statkevicius.shop\/en\/#\/schema\/logo\/image\/\",\"url\":\"https:\/\/statkevicius.shop\/wp-content\/uploads\/2023\/04\/cropped-JS-logo.png\",\"contentUrl\":\"https:\/\/statkevicius.shop\/wp-content\/uploads\/2023\/04\/cropped-JS-logo.png\",\"width\":842,\"height\":93,\"caption\":\"JUOZAS STATKEVICIUS\"},\"image\":{\"@id\":\"https:\/\/statkevicius.shop\/en\/#\/schema\/logo\/image\/\"}}]}<\/script>\n<!-- \/ Yoast SEO plugin. -->","yoast_head_json":{"title":"DIR\u017dAS - JUOZAS STATKEVICIUS","robots":{"index":"index","follow":"follow","max-snippet":"max-snippet:-1","max-image-preview":"max-image-preview:large","max-video-preview":"max-video-preview:-1"},"canonical":"https:\/\/statkevicius.shop\/en\/product\/belt-3\/","og_locale":"en_US","og_type":"article","og_title":"DIR\u017dAS - JUOZAS STATKEVICIUS","og_description":"DYD\u017dIO IR TINKAMUMO INFORMACIJA Sukurta ne\u0161ioti ant klub\u0173 Dir\u017eo ilgis &#8211; 2m PRODUKTO INFORMACIJA U\u017esegimas su sagtimi Unisex stilius Reguliuojamas dydis Med\u017eiaga: 100% oda Spalva: Juoda Pagaminta Lietuvoje","og_url":"https:\/\/statkevicius.shop\/en\/product\/belt-3\/","og_site_name":"JUOZAS STATKEVICIUS","article_modified_time":"2024-03-06T06:57:06+00:00","og_image":[{"width":2500,"height":2499,"url":"https:\/\/statkevicius.shop\/wp-content\/uploads\/2023\/05\/rs2500x2499_10919_dru_4911-copy-jpg.jpeg","type":"image\/jpeg"}],"twitter_card":"summary_large_image","schema":{"@context":"https:\/\/schema.org","@graph":[{"@type":"WebPage","@id":"https:\/\/statkevicius.shop\/produktas\/belt-3\/","url":"https:\/\/statkevicius.shop\/produktas\/belt-3\/","name":"DIR\u017dAS - JUOZAS STATKEVICIUS","isPartOf":{"@id":"https:\/\/statkevicius.shop\/en\/#website"},"datePublished":"2023-05-19T09:51:53+00:00","dateModified":"2024-03-06T06:57:06+00:00","breadcrumb":{"@id":"https:\/\/statkevicius.shop\/produktas\/belt-3\/#breadcrumb"},"inLanguage":"en-US","potentialAction":[{"@type":"ReadAction","target":["https:\/\/statkevicius.shop\/produktas\/belt-3\/"]}]},{"@type":"BreadcrumbList","@id":"https:\/\/statkevicius.shop\/produktas\/belt-3\/#breadcrumb","itemListElement":[{"@type":"ListItem","position":1,"name":"Home","item":"https:\/\/statkevicius.shop\/en\/"},{"@type":"ListItem","position":2,"name":"Parduotuv\u0117","item":"https:\/\/statkevicius.shop\/en\/"},{"@type":"ListItem","position":3,"name":"DIR\u017dAS"}]},{"@type":"WebSite","@id":"https:\/\/statkevicius.shop\/en\/#website","url":"https:\/\/statkevicius.shop\/en\/","name":"JUOZAS STATKEVICIUS","description":"Couture","publisher":{"@id":"https:\/\/statkevicius.shop\/en\/#organization"},"potentialAction":[{"@type":"SearchAction","target":{"@type":"EntryPoint","urlTemplate":"https:\/\/statkevicius.shop\/en\/?s={search_term_string}"},"query-input":"required name=search_term_string"}],"inLanguage":"en-US"},{"@type":"Organization","@id":"https:\/\/statkevicius.shop\/en\/#organization","name":"JUOZAS STATKEVICIUS","url":"https:\/\/statkevicius.shop\/en\/","logo":{"@type":"ImageObject","inLanguage":"en-US","@id":"https:\/\/statkevicius.shop\/en\/#\/schema\/logo\/image\/","url":"https:\/\/statkevicius.shop\/wp-content\/uploads\/2023\/04\/cropped-JS-logo.png","contentUrl":"https:\/\/statkevicius.shop\/wp-content\/uploads\/2023\/04\/cropped-JS-logo.png","width":842,"height":93,"caption":"JUOZAS STATKEVICIUS"},"image":{"@id":"https:\/\/statkevicius.shop\/en\/#\/schema\/logo\/image\/"}}]}},"_links":{"self":[{"href":"https:\/\/statkevicius.shop\/en\/wp-json\/wp\/v2\/product\/12983"}],"collection":[{"href":"https:\/\/statkevicius.shop\/en\/wp-json\/wp\/v2\/product"}],"about":[{"href":"https:\/\/statkevicius.shop\/en\/wp-json\/wp\/v2\/types\/product"}],"replies":[{"embeddable":true,"href":"https:\/\/statkevicius.shop\/en\/wp-json\/wp\/v2\/comments?post=12983"}],"wp:featuredmedia":[{"embeddable":true,"href":"https:\/\/statkevicius.shop\/en\/wp-json\/wp\/v2\/media\/12988"}],"wp:attachment":[{"href":"https:\/\/statkevicius.shop\/en\/wp-json\/wp\/v2\/media?parent=12983"}],"wp:term":[{"taxonomy":"product_cat","embeddable":true,"href":"https:\/\/statkevicius.shop\/en\/wp-json\/wp\/v2\/product_cat?post=12983"},{"taxonomy":"product_tag","embeddable":true,"href":"https:\/\/statkevicius.shop\/en\/wp-json\/wp\/v2\/product_tag?post=12983"}],"curies":[{"name":"wp","href":"https:\/\/api.w.org\/{rel}","templated":true}]}}