{"id":12860,"date":"2023-05-19T10:40:55","date_gmt":"2023-05-19T08:40:55","guid":{"rendered":"https:\/\/statkevicius.shop\/?post_type=product&#038;p=12860"},"modified":"2023-08-17T15:01:07","modified_gmt":"2023-08-17T13:01:07","slug":"jacket-5","status":"publish","type":"product","link":"https:\/\/statkevicius.shop\/en\/product\/jacket-5\/","title":{"rendered":"JACKET"},"content":{"rendered":"<div class=\"text_desc\">\n<div class=\"text_desc\">\n<div class=\"text_desc\">\n<div class=\"text_desc\">\n<div class=\"text_desc\">\n<div class=\"text_desc\">\n<div class=\"text_desc\">\n<div class=\"text_desc\">\n<div class=\"text_desc\">\n<div class=\"text_desc\">\n<div class=\"text_desc\">\n<div class=\"text_desc\">\n<div class=\"text_desc\">\n<div class=\"text_desc\">\n<div class=\"text_desc\">\n<div class=\"text_desc\">\n<div class=\"text_desc\">\n<div class=\"text_desc\">\n<div class=\"text_desc\">\n<div class=\"text_desc\">\n<div class=\"text_desc\">\n<div class=\"text_desc\">\n<div class=\"text_desc\">\n<div class=\"text_desc\">\n<div class=\"text_desc\">\n<div class=\"text_desc\">\n<div class=\"full_desc\">\n<div class=\"full_desc\">\n<p>Fits true to size, take your normal size<br \/>\nTailored for a regular fit<\/p>\n<p>Model wears   ( M )<br \/>\nModel  is 185cm\/6\u20191<\/p>\n<p>&nbsp;<\/p>\n<p>PRODUCT INFORMATION<br \/>\nLeather jacket<br \/>\nTwo regular pockets<br \/>\nRegular fit<br \/>\nSideways decorated with zip<br \/>\nDecorated with rivet<br \/>\nPockets with zip<br \/>\nMaterial :  Leather 100%<br \/>\nLining: Silk 100%<br \/>\nColor :  Black<br \/>\nSpecialist clean<br \/>\nMade in Lithuania<\/p>\n<p>Dry cleaning only<\/p>\n<\/div>\n<\/div>\n<\/div>\n<\/div>\n<\/div>\n<\/div>\n<\/div>\n<\/div>\n<\/div>\n<\/div>\n<\/div>\n<\/div>\n<\/div>\n<\/div>\n<\/div>\n<\/div>\n<\/div>\n<\/div>\n<\/div>\n<\/div>\n<\/div>\n<\/div>\n<\/div>\n<\/div>\n<\/div>\n<\/div>\n<\/div>\n<\/div>","protected":false},"excerpt":{"rendered":"<p>Atitinka dyd\u012f, pasiimkite \u012fprast\u0105 dyd\u012f Pritaikytas \u012fprastai Modelis d\u0117vi \u00a0 ( M ) Modelis\u00a0yra 185 cm\/6&#8217;1 &nbsp; PRODUKTO INFORMACIJA Odinis \u0161varkas Dvi \u012fprastos ki\u0161en\u0117s Normalus dydis \u0160onai dekoruoti u\u017etrauktuku Dekoruota kniede Ki\u0161en\u0117s su u\u017etrauktuku Med\u017eiaga: 100% oda Pamu\u0161alas: 100% \u0161ilkas Spalva:\u00a0juoda Specialistas valymas Pagaminta Lietuvoje Tik sausas valymas<\/p>","protected":false},"featured_media":12864,"comment_status":"open","ping_status":"closed","template":"","meta":[],"product_cat":[73,104],"product_tag":[],"yoast_head":"<!-- This site is optimized with the Yoast SEO plugin v21.7 - https:\/\/yoast.com\/wordpress\/plugins\/seo\/ -->\n<title>\u0160VARKAS - JUOZAS STATKEVICIUS<\/title>\n<meta name=\"robots\" content=\"index, follow, max-snippet:-1, max-image-preview:large, max-video-preview:-1\" \/>\n<link rel=\"canonical\" href=\"https:\/\/statkevicius.shop\/en\/product\/jacket-5\/\" \/>\n<meta property=\"og:locale\" content=\"en_US\" \/>\n<meta property=\"og:type\" content=\"article\" \/>\n<meta property=\"og:title\" content=\"\u0160VARKAS - JUOZAS STATKEVICIUS\" \/>\n<meta property=\"og:description\" content=\"Atitinka dyd\u012f, pasiimkite \u012fprast\u0105 dyd\u012f Pritaikytas \u012fprastai Modelis d\u0117vi \u00a0 ( M ) Modelis\u00a0yra 185 cm\/6&#8217;1 &nbsp; PRODUKTO INFORMACIJA Odinis \u0161varkas Dvi \u012fprastos ki\u0161en\u0117s Normalus dydis \u0160onai dekoruoti u\u017etrauktuku Dekoruota kniede Ki\u0161en\u0117s su u\u017etrauktuku Med\u017eiaga: 100% oda Pamu\u0161alas: 100% \u0161ilkas Spalva:\u00a0juoda Specialistas valymas Pagaminta Lietuvoje Tik sausas valymas\" \/>\n<meta property=\"og:url\" content=\"https:\/\/statkevicius.shop\/en\/product\/jacket-5\/\" \/>\n<meta property=\"og:site_name\" content=\"JUOZAS STATKEVICIUS\" \/>\n<meta property=\"article:modified_time\" content=\"2023-08-17T13:01:07+00:00\" \/>\n<meta property=\"og:image\" content=\"https:\/\/statkevicius.shop\/wp-content\/uploads\/2023\/05\/9771_cf067364_low.jpg\" \/>\n\t<meta property=\"og:image:width\" content=\"2000\" \/>\n\t<meta property=\"og:image:height\" content=\"2000\" \/>\n\t<meta property=\"og:image:type\" content=\"image\/jpeg\" \/>\n<meta name=\"twitter:card\" content=\"summary_large_image\" \/>\n<script type=\"application\/ld+json\" class=\"yoast-schema-graph\">{\"@context\":\"https:\/\/schema.org\",\"@graph\":[{\"@type\":\"WebPage\",\"@id\":\"https:\/\/statkevicius.shop\/produktas\/jacket-5\/\",\"url\":\"https:\/\/statkevicius.shop\/produktas\/jacket-5\/\",\"name\":\"\u0160VARKAS - JUOZAS STATKEVICIUS\",\"isPartOf\":{\"@id\":\"https:\/\/statkevicius.shop\/en\/#website\"},\"datePublished\":\"2023-05-19T08:40:55+00:00\",\"dateModified\":\"2023-08-17T13:01:07+00:00\",\"breadcrumb\":{\"@id\":\"https:\/\/statkevicius.shop\/produktas\/jacket-5\/#breadcrumb\"},\"inLanguage\":\"en-US\",\"potentialAction\":[{\"@type\":\"ReadAction\",\"target\":[\"https:\/\/statkevicius.shop\/produktas\/jacket-5\/\"]}]},{\"@type\":\"BreadcrumbList\",\"@id\":\"https:\/\/statkevicius.shop\/produktas\/jacket-5\/#breadcrumb\",\"itemListElement\":[{\"@type\":\"ListItem\",\"position\":1,\"name\":\"Home\",\"item\":\"https:\/\/statkevicius.shop\/en\/\"},{\"@type\":\"ListItem\",\"position\":2,\"name\":\"Parduotuv\u0117\",\"item\":\"https:\/\/statkevicius.shop\/en\/\"},{\"@type\":\"ListItem\",\"position\":3,\"name\":\"\u0160VARKAS\"}]},{\"@type\":\"WebSite\",\"@id\":\"https:\/\/statkevicius.shop\/en\/#website\",\"url\":\"https:\/\/statkevicius.shop\/en\/\",\"name\":\"JUOZAS STATKEVICIUS\",\"description\":\"Couture\",\"publisher\":{\"@id\":\"https:\/\/statkevicius.shop\/en\/#organization\"},\"potentialAction\":[{\"@type\":\"SearchAction\",\"target\":{\"@type\":\"EntryPoint\",\"urlTemplate\":\"https:\/\/statkevicius.shop\/en\/?s={search_term_string}\"},\"query-input\":\"required name=search_term_string\"}],\"inLanguage\":\"en-US\"},{\"@type\":\"Organization\",\"@id\":\"https:\/\/statkevicius.shop\/en\/#organization\",\"name\":\"JUOZAS STATKEVICIUS\",\"url\":\"https:\/\/statkevicius.shop\/en\/\",\"logo\":{\"@type\":\"ImageObject\",\"inLanguage\":\"en-US\",\"@id\":\"https:\/\/statkevicius.shop\/en\/#\/schema\/logo\/image\/\",\"url\":\"https:\/\/statkevicius.shop\/wp-content\/uploads\/2023\/04\/cropped-JS-logo.png\",\"contentUrl\":\"https:\/\/statkevicius.shop\/wp-content\/uploads\/2023\/04\/cropped-JS-logo.png\",\"width\":842,\"height\":93,\"caption\":\"JUOZAS STATKEVICIUS\"},\"image\":{\"@id\":\"https:\/\/statkevicius.shop\/en\/#\/schema\/logo\/image\/\"}}]}<\/script>\n<!-- \/ Yoast SEO plugin. -->","yoast_head_json":{"title":"\u0160VARKAS - JUOZAS STATKEVICIUS","robots":{"index":"index","follow":"follow","max-snippet":"max-snippet:-1","max-image-preview":"max-image-preview:large","max-video-preview":"max-video-preview:-1"},"canonical":"https:\/\/statkevicius.shop\/en\/product\/jacket-5\/","og_locale":"en_US","og_type":"article","og_title":"\u0160VARKAS - JUOZAS STATKEVICIUS","og_description":"Atitinka dyd\u012f, pasiimkite \u012fprast\u0105 dyd\u012f Pritaikytas \u012fprastai Modelis d\u0117vi \u00a0 ( M ) Modelis\u00a0yra 185 cm\/6&#8217;1 &nbsp; PRODUKTO INFORMACIJA Odinis \u0161varkas Dvi \u012fprastos ki\u0161en\u0117s Normalus dydis \u0160onai dekoruoti u\u017etrauktuku Dekoruota kniede Ki\u0161en\u0117s su u\u017etrauktuku Med\u017eiaga: 100% oda Pamu\u0161alas: 100% \u0161ilkas Spalva:\u00a0juoda Specialistas valymas Pagaminta Lietuvoje Tik sausas valymas","og_url":"https:\/\/statkevicius.shop\/en\/product\/jacket-5\/","og_site_name":"JUOZAS STATKEVICIUS","article_modified_time":"2023-08-17T13:01:07+00:00","og_image":[{"width":2000,"height":2000,"url":"https:\/\/statkevicius.shop\/wp-content\/uploads\/2023\/05\/9771_cf067364_low.jpg","type":"image\/jpeg"}],"twitter_card":"summary_large_image","schema":{"@context":"https:\/\/schema.org","@graph":[{"@type":"WebPage","@id":"https:\/\/statkevicius.shop\/produktas\/jacket-5\/","url":"https:\/\/statkevicius.shop\/produktas\/jacket-5\/","name":"\u0160VARKAS - JUOZAS STATKEVICIUS","isPartOf":{"@id":"https:\/\/statkevicius.shop\/en\/#website"},"datePublished":"2023-05-19T08:40:55+00:00","dateModified":"2023-08-17T13:01:07+00:00","breadcrumb":{"@id":"https:\/\/statkevicius.shop\/produktas\/jacket-5\/#breadcrumb"},"inLanguage":"en-US","potentialAction":[{"@type":"ReadAction","target":["https:\/\/statkevicius.shop\/produktas\/jacket-5\/"]}]},{"@type":"BreadcrumbList","@id":"https:\/\/statkevicius.shop\/produktas\/jacket-5\/#breadcrumb","itemListElement":[{"@type":"ListItem","position":1,"name":"Home","item":"https:\/\/statkevicius.shop\/en\/"},{"@type":"ListItem","position":2,"name":"Parduotuv\u0117","item":"https:\/\/statkevicius.shop\/en\/"},{"@type":"ListItem","position":3,"name":"\u0160VARKAS"}]},{"@type":"WebSite","@id":"https:\/\/statkevicius.shop\/en\/#website","url":"https:\/\/statkevicius.shop\/en\/","name":"JUOZAS STATKEVICIUS","description":"Couture","publisher":{"@id":"https:\/\/statkevicius.shop\/en\/#organization"},"potentialAction":[{"@type":"SearchAction","target":{"@type":"EntryPoint","urlTemplate":"https:\/\/statkevicius.shop\/en\/?s={search_term_string}"},"query-input":"required name=search_term_string"}],"inLanguage":"en-US"},{"@type":"Organization","@id":"https:\/\/statkevicius.shop\/en\/#organization","name":"JUOZAS STATKEVICIUS","url":"https:\/\/statkevicius.shop\/en\/","logo":{"@type":"ImageObject","inLanguage":"en-US","@id":"https:\/\/statkevicius.shop\/en\/#\/schema\/logo\/image\/","url":"https:\/\/statkevicius.shop\/wp-content\/uploads\/2023\/04\/cropped-JS-logo.png","contentUrl":"https:\/\/statkevicius.shop\/wp-content\/uploads\/2023\/04\/cropped-JS-logo.png","width":842,"height":93,"caption":"JUOZAS STATKEVICIUS"},"image":{"@id":"https:\/\/statkevicius.shop\/en\/#\/schema\/logo\/image\/"}}]}},"_links":{"self":[{"href":"https:\/\/statkevicius.shop\/en\/wp-json\/wp\/v2\/product\/12860"}],"collection":[{"href":"https:\/\/statkevicius.shop\/en\/wp-json\/wp\/v2\/product"}],"about":[{"href":"https:\/\/statkevicius.shop\/en\/wp-json\/wp\/v2\/types\/product"}],"replies":[{"embeddable":true,"href":"https:\/\/statkevicius.shop\/en\/wp-json\/wp\/v2\/comments?post=12860"}],"wp:featuredmedia":[{"embeddable":true,"href":"https:\/\/statkevicius.shop\/en\/wp-json\/wp\/v2\/media\/12864"}],"wp:attachment":[{"href":"https:\/\/statkevicius.shop\/en\/wp-json\/wp\/v2\/media?parent=12860"}],"wp:term":[{"taxonomy":"product_cat","embeddable":true,"href":"https:\/\/statkevicius.shop\/en\/wp-json\/wp\/v2\/product_cat?post=12860"},{"taxonomy":"product_tag","embeddable":true,"href":"https:\/\/statkevicius.shop\/en\/wp-json\/wp\/v2\/product_tag?post=12860"}],"curies":[{"name":"wp","href":"https:\/\/api.w.org\/{rel}","templated":true}]}}