{"id":12392,"date":"2023-05-19T08:05:08","date_gmt":"2023-05-19T06:05:08","guid":{"rendered":"https:\/\/statkevicius.shop\/?post_type=product&#038;p=12392"},"modified":"2023-08-15T08:07:04","modified_gmt":"2023-08-15T06:07:04","slug":"jeans-4","status":"publish","type":"product","link":"https:\/\/statkevicius.shop\/en\/product\/jeans-4\/","title":{"rendered":"JEANS"},"content":{"rendered":"<div class=\"text_desc\">\n<div class=\"text_desc\">\n<div class=\"text_desc\">\n<div class=\"text_desc\">\n<div class=\"text_desc\">\n<div class=\"text_desc\">\n<div class=\"text_desc\">\n<div class=\"text_desc\">\n<div class=\"text_desc\">\n<div class=\"text_desc\">\n<div class=\"text_desc\">\n<div class=\"text_desc\">\n<div class=\"text_desc\">\n<div class=\"text_desc\">\n<div class=\"text_desc\">\n<p>SIZE &amp;FIT INFORMATION<br \/>\nFits true to size, take your normal size<br \/>\nCut for a slim fit<\/p>\n<p>&nbsp;<\/p>\n<p>Model wears   ( M )<br \/>\nModel  is 185cm\/6\u20191<\/p>\n<p>PRODUCT INFORMATION<br \/>\nSlim fit<br \/>\nFinished with the brand  label<br \/>\nZip and button fastening at front<br \/>\nBelt loops<br \/>\nFive  pocket<br \/>\nMaterial : Cotton 98% , Lycra 2%<br \/>\nColor : White<br \/>\nMachine wash<br \/>\nMade in Lithuania<\/p>\n<\/div>\n<\/div>\n<\/div>\n<\/div>\n<\/div>\n<\/div>\n<\/div>\n<\/div>\n<\/div>\n<\/div>\n<\/div>\n<\/div>\n<\/div>\n<\/div>\n<\/div>","protected":false},"excerpt":{"rendered":"<p>DYD\u017dIO IR TINKAMUMO INFORMACIJA Atitinka dyd\u012f, pasiimkite \u012fprast\u0105 dyd\u012f I\u0161kirpti, kad b\u016bt\u0173 plonas &nbsp; Modelis d\u0117vi \u00a0 ( M ) Modelis\u00a0yra 185 cm\/6&#8217;1 PRODUKTO INFORMACIJA Lieknas U\u017ebaigta su prek\u0117s \u017eenklo etikete U\u017esegimas u\u017etrauktuku ir sagomis priekyje Dir\u017eo kilpos Penkios ki\u0161en\u0117s Med\u017eiaga: 98% medviln\u0117, 2% likra Spalva: Balta Skalbimas ma\u0161ina Pagaminta Lietuvoje<\/p>","protected":false},"featured_media":12398,"comment_status":"open","ping_status":"closed","template":"","meta":[],"product_cat":[73,97],"product_tag":[],"yoast_head":"<!-- This site is optimized with the Yoast SEO plugin v21.7 - https:\/\/yoast.com\/wordpress\/plugins\/seo\/ -->\n<title>D\u017dINSAI - JUOZAS STATKEVICIUS<\/title>\n<meta name=\"robots\" content=\"index, follow, max-snippet:-1, max-image-preview:large, max-video-preview:-1\" \/>\n<link rel=\"canonical\" href=\"https:\/\/statkevicius.shop\/en\/product\/jeans-4\/\" \/>\n<meta property=\"og:locale\" content=\"en_US\" \/>\n<meta property=\"og:type\" content=\"article\" \/>\n<meta property=\"og:title\" content=\"D\u017dINSAI - JUOZAS STATKEVICIUS\" \/>\n<meta property=\"og:description\" content=\"DYD\u017dIO IR TINKAMUMO INFORMACIJA Atitinka dyd\u012f, pasiimkite \u012fprast\u0105 dyd\u012f I\u0161kirpti, kad b\u016bt\u0173 plonas &nbsp; Modelis d\u0117vi \u00a0 ( M ) Modelis\u00a0yra 185 cm\/6&#8217;1 PRODUKTO INFORMACIJA Lieknas U\u017ebaigta su prek\u0117s \u017eenklo etikete U\u017esegimas u\u017etrauktuku ir sagomis priekyje Dir\u017eo kilpos Penkios ki\u0161en\u0117s Med\u017eiaga: 98% medviln\u0117, 2% likra Spalva: Balta Skalbimas ma\u0161ina Pagaminta Lietuvoje\" \/>\n<meta property=\"og:url\" content=\"https:\/\/statkevicius.shop\/en\/product\/jeans-4\/\" \/>\n<meta property=\"og:site_name\" content=\"JUOZAS STATKEVICIUS\" \/>\n<meta property=\"article:modified_time\" content=\"2023-08-15T06:07:04+00:00\" \/>\n<meta property=\"og:image\" content=\"https:\/\/statkevicius.shop\/wp-content\/uploads\/2023\/05\/9841_cf066729.jpg\" \/>\n\t<meta property=\"og:image:width\" content=\"2000\" \/>\n\t<meta property=\"og:image:height\" content=\"2000\" \/>\n\t<meta property=\"og:image:type\" content=\"image\/jpeg\" \/>\n<meta name=\"twitter:card\" content=\"summary_large_image\" \/>\n<script type=\"application\/ld+json\" class=\"yoast-schema-graph\">{\"@context\":\"https:\/\/schema.org\",\"@graph\":[{\"@type\":\"WebPage\",\"@id\":\"https:\/\/statkevicius.shop\/produktas\/jeans-4\/\",\"url\":\"https:\/\/statkevicius.shop\/produktas\/jeans-4\/\",\"name\":\"D\u017dINSAI - JUOZAS STATKEVICIUS\",\"isPartOf\":{\"@id\":\"https:\/\/statkevicius.shop\/en\/#website\"},\"datePublished\":\"2023-05-19T06:05:08+00:00\",\"dateModified\":\"2023-08-15T06:07:04+00:00\",\"breadcrumb\":{\"@id\":\"https:\/\/statkevicius.shop\/produktas\/jeans-4\/#breadcrumb\"},\"inLanguage\":\"en-US\",\"potentialAction\":[{\"@type\":\"ReadAction\",\"target\":[\"https:\/\/statkevicius.shop\/produktas\/jeans-4\/\"]}]},{\"@type\":\"BreadcrumbList\",\"@id\":\"https:\/\/statkevicius.shop\/produktas\/jeans-4\/#breadcrumb\",\"itemListElement\":[{\"@type\":\"ListItem\",\"position\":1,\"name\":\"Home\",\"item\":\"https:\/\/statkevicius.shop\/en\/\"},{\"@type\":\"ListItem\",\"position\":2,\"name\":\"Parduotuv\u0117\",\"item\":\"https:\/\/statkevicius.shop\/en\/\"},{\"@type\":\"ListItem\",\"position\":3,\"name\":\"D\u017dINSAI\"}]},{\"@type\":\"WebSite\",\"@id\":\"https:\/\/statkevicius.shop\/en\/#website\",\"url\":\"https:\/\/statkevicius.shop\/en\/\",\"name\":\"JUOZAS STATKEVICIUS\",\"description\":\"Couture\",\"publisher\":{\"@id\":\"https:\/\/statkevicius.shop\/en\/#organization\"},\"potentialAction\":[{\"@type\":\"SearchAction\",\"target\":{\"@type\":\"EntryPoint\",\"urlTemplate\":\"https:\/\/statkevicius.shop\/en\/?s={search_term_string}\"},\"query-input\":\"required name=search_term_string\"}],\"inLanguage\":\"en-US\"},{\"@type\":\"Organization\",\"@id\":\"https:\/\/statkevicius.shop\/en\/#organization\",\"name\":\"JUOZAS STATKEVICIUS\",\"url\":\"https:\/\/statkevicius.shop\/en\/\",\"logo\":{\"@type\":\"ImageObject\",\"inLanguage\":\"en-US\",\"@id\":\"https:\/\/statkevicius.shop\/en\/#\/schema\/logo\/image\/\",\"url\":\"https:\/\/statkevicius.shop\/wp-content\/uploads\/2023\/04\/cropped-JS-logo.png\",\"contentUrl\":\"https:\/\/statkevicius.shop\/wp-content\/uploads\/2023\/04\/cropped-JS-logo.png\",\"width\":842,\"height\":93,\"caption\":\"JUOZAS STATKEVICIUS\"},\"image\":{\"@id\":\"https:\/\/statkevicius.shop\/en\/#\/schema\/logo\/image\/\"}}]}<\/script>\n<!-- \/ Yoast SEO plugin. -->","yoast_head_json":{"title":"D\u017dINSAI - JUOZAS STATKEVICIUS","robots":{"index":"index","follow":"follow","max-snippet":"max-snippet:-1","max-image-preview":"max-image-preview:large","max-video-preview":"max-video-preview:-1"},"canonical":"https:\/\/statkevicius.shop\/en\/product\/jeans-4\/","og_locale":"en_US","og_type":"article","og_title":"D\u017dINSAI - JUOZAS STATKEVICIUS","og_description":"DYD\u017dIO IR TINKAMUMO INFORMACIJA Atitinka dyd\u012f, pasiimkite \u012fprast\u0105 dyd\u012f I\u0161kirpti, kad b\u016bt\u0173 plonas &nbsp; Modelis d\u0117vi \u00a0 ( M ) Modelis\u00a0yra 185 cm\/6&#8217;1 PRODUKTO INFORMACIJA Lieknas U\u017ebaigta su prek\u0117s \u017eenklo etikete U\u017esegimas u\u017etrauktuku ir sagomis priekyje Dir\u017eo kilpos Penkios ki\u0161en\u0117s Med\u017eiaga: 98% medviln\u0117, 2% likra Spalva: Balta Skalbimas ma\u0161ina Pagaminta Lietuvoje","og_url":"https:\/\/statkevicius.shop\/en\/product\/jeans-4\/","og_site_name":"JUOZAS STATKEVICIUS","article_modified_time":"2023-08-15T06:07:04+00:00","og_image":[{"width":2000,"height":2000,"url":"https:\/\/statkevicius.shop\/wp-content\/uploads\/2023\/05\/9841_cf066729.jpg","type":"image\/jpeg"}],"twitter_card":"summary_large_image","schema":{"@context":"https:\/\/schema.org","@graph":[{"@type":"WebPage","@id":"https:\/\/statkevicius.shop\/produktas\/jeans-4\/","url":"https:\/\/statkevicius.shop\/produktas\/jeans-4\/","name":"D\u017dINSAI - JUOZAS STATKEVICIUS","isPartOf":{"@id":"https:\/\/statkevicius.shop\/en\/#website"},"datePublished":"2023-05-19T06:05:08+00:00","dateModified":"2023-08-15T06:07:04+00:00","breadcrumb":{"@id":"https:\/\/statkevicius.shop\/produktas\/jeans-4\/#breadcrumb"},"inLanguage":"en-US","potentialAction":[{"@type":"ReadAction","target":["https:\/\/statkevicius.shop\/produktas\/jeans-4\/"]}]},{"@type":"BreadcrumbList","@id":"https:\/\/statkevicius.shop\/produktas\/jeans-4\/#breadcrumb","itemListElement":[{"@type":"ListItem","position":1,"name":"Home","item":"https:\/\/statkevicius.shop\/en\/"},{"@type":"ListItem","position":2,"name":"Parduotuv\u0117","item":"https:\/\/statkevicius.shop\/en\/"},{"@type":"ListItem","position":3,"name":"D\u017dINSAI"}]},{"@type":"WebSite","@id":"https:\/\/statkevicius.shop\/en\/#website","url":"https:\/\/statkevicius.shop\/en\/","name":"JUOZAS STATKEVICIUS","description":"Couture","publisher":{"@id":"https:\/\/statkevicius.shop\/en\/#organization"},"potentialAction":[{"@type":"SearchAction","target":{"@type":"EntryPoint","urlTemplate":"https:\/\/statkevicius.shop\/en\/?s={search_term_string}"},"query-input":"required name=search_term_string"}],"inLanguage":"en-US"},{"@type":"Organization","@id":"https:\/\/statkevicius.shop\/en\/#organization","name":"JUOZAS STATKEVICIUS","url":"https:\/\/statkevicius.shop\/en\/","logo":{"@type":"ImageObject","inLanguage":"en-US","@id":"https:\/\/statkevicius.shop\/en\/#\/schema\/logo\/image\/","url":"https:\/\/statkevicius.shop\/wp-content\/uploads\/2023\/04\/cropped-JS-logo.png","contentUrl":"https:\/\/statkevicius.shop\/wp-content\/uploads\/2023\/04\/cropped-JS-logo.png","width":842,"height":93,"caption":"JUOZAS STATKEVICIUS"},"image":{"@id":"https:\/\/statkevicius.shop\/en\/#\/schema\/logo\/image\/"}}]}},"_links":{"self":[{"href":"https:\/\/statkevicius.shop\/en\/wp-json\/wp\/v2\/product\/12392"}],"collection":[{"href":"https:\/\/statkevicius.shop\/en\/wp-json\/wp\/v2\/product"}],"about":[{"href":"https:\/\/statkevicius.shop\/en\/wp-json\/wp\/v2\/types\/product"}],"replies":[{"embeddable":true,"href":"https:\/\/statkevicius.shop\/en\/wp-json\/wp\/v2\/comments?post=12392"}],"wp:featuredmedia":[{"embeddable":true,"href":"https:\/\/statkevicius.shop\/en\/wp-json\/wp\/v2\/media\/12398"}],"wp:attachment":[{"href":"https:\/\/statkevicius.shop\/en\/wp-json\/wp\/v2\/media?parent=12392"}],"wp:term":[{"taxonomy":"product_cat","embeddable":true,"href":"https:\/\/statkevicius.shop\/en\/wp-json\/wp\/v2\/product_cat?post=12392"},{"taxonomy":"product_tag","embeddable":true,"href":"https:\/\/statkevicius.shop\/en\/wp-json\/wp\/v2\/product_tag?post=12392"}],"curies":[{"name":"wp","href":"https:\/\/api.w.org\/{rel}","templated":true}]}}