{"id":12307,"date":"2023-05-19T07:44:44","date_gmt":"2023-05-19T05:44:44","guid":{"rendered":"https:\/\/statkevicius.shop\/?post_type=product&#038;p=12307"},"modified":"2026-03-22T16:43:56","modified_gmt":"2026-03-22T14:43:56","slug":"boxers","status":"publish","type":"product","link":"https:\/\/statkevicius.shop\/en\/product\/boxers\/","title":{"rendered":"BOXERS"},"content":{"rendered":"<div class=\"text_desc\">\n<div class=\"text_desc\">\n<div class=\"text_desc\">\n<div class=\"text_desc\">\n<p class=\"v1MsoNormal\">SIZE &amp;FIT INFORMATION<br \/>\nTrue to size <span lang=\"EN-US\">choos<\/span><span lang=\"LT\">e<\/span> your usual size<br \/>\nThese boxers have a slim, <span lang=\"LT\">close-fitting cut<\/span><\/p>\n<p class=\"v1MsoNormal\">Model wears   ( S )<br \/>\nModel  is 185cm\/6\u20191<\/p>\n<p class=\"v1MsoNormal\">PRODUCT INFORMATION<br \/>\n<span lang=\"LT\">Waistband with branded elastic<\/span><br \/>\nMaterial : Modal95%, Elastane 5%<br \/>\nColor : black, white, grey<br \/>\nMachin<span lang=\"LT\">e washable<\/span><span lang=\"LT\">, follow the <\/span>care instructions on the label<br \/>\nMade in Lithuania<\/p>\n<\/div>\n<\/div>\n<\/div>\n<\/div>","protected":false},"excerpt":{"rendered":"<p>DYD\u017dIO IR TINKAMUMO INFORMACIJA Atitinka dyd\u012f, rinkit\u0117s \u012fprast\u0105 dyd\u012f \u0160ie bokseriai prigludusio silueto Modelis d\u0117vi \u00a0 ( S ) Modelis\u00a0yra 185 cm\/6&#8217;1 PRODUKTO INFORMACIJA Juosmuo su vardine guma Med\u017eiaga: Modalas 95%, elastanas 5% Spalva: juoda, balta, pilka Skalbti galima, \u00a0laikantis etiket\u0117je pateikt\u0173 rekomendacij\u0173 Pagaminta Lietuvoje<\/p>","protected":false},"featured_media":12312,"comment_status":"open","ping_status":"closed","template":"","meta":[],"product_cat":[73,96],"product_tag":[],"yoast_head":"<!-- This site is optimized with the Yoast SEO plugin v21.7 - https:\/\/yoast.com\/wordpress\/plugins\/seo\/ -->\n<title>BOKSERIAI - JUOZAS STATKEVICIUS<\/title>\n<meta name=\"robots\" content=\"index, follow, max-snippet:-1, max-image-preview:large, max-video-preview:-1\" \/>\n<link rel=\"canonical\" href=\"https:\/\/statkevicius.shop\/en\/product\/boxers\/\" \/>\n<meta property=\"og:locale\" content=\"en_US\" \/>\n<meta property=\"og:type\" content=\"article\" \/>\n<meta property=\"og:title\" content=\"BOKSERIAI - JUOZAS STATKEVICIUS\" \/>\n<meta property=\"og:description\" content=\"DYD\u017dIO IR TINKAMUMO INFORMACIJA Atitinka dyd\u012f, rinkit\u0117s \u012fprast\u0105 dyd\u012f \u0160ie bokseriai prigludusio silueto Modelis d\u0117vi \u00a0 ( S ) Modelis\u00a0yra 185 cm\/6&#8217;1 PRODUKTO INFORMACIJA Juosmuo su vardine guma Med\u017eiaga: Modalas 95%, elastanas 5% Spalva: juoda, balta, pilka Skalbti galima, \u00a0laikantis etiket\u0117je pateikt\u0173 rekomendacij\u0173 Pagaminta Lietuvoje\" \/>\n<meta property=\"og:url\" content=\"https:\/\/statkevicius.shop\/en\/product\/boxers\/\" \/>\n<meta property=\"og:site_name\" content=\"JUOZAS STATKEVICIUS\" \/>\n<meta property=\"article:modified_time\" content=\"2026-03-22T14:43:56+00:00\" \/>\n<meta property=\"og:image\" content=\"https:\/\/statkevicius.shop\/wp-content\/uploads\/2023\/05\/rs1811x2500_10896_dsc_1595-jpg.jpeg\" \/>\n\t<meta property=\"og:image:width\" content=\"1811\" \/>\n\t<meta property=\"og:image:height\" content=\"2500\" \/>\n\t<meta property=\"og:image:type\" content=\"image\/jpeg\" \/>\n<meta name=\"twitter:card\" content=\"summary_large_image\" \/>\n<meta name=\"twitter:label1\" content=\"Est. reading time\" \/>\n\t<meta name=\"twitter:data1\" content=\"1 minute\" \/>\n<script type=\"application\/ld+json\" class=\"yoast-schema-graph\">{\"@context\":\"https:\/\/schema.org\",\"@graph\":[{\"@type\":\"WebPage\",\"@id\":\"https:\/\/statkevicius.shop\/produktas\/boxers\/\",\"url\":\"https:\/\/statkevicius.shop\/produktas\/boxers\/\",\"name\":\"BOKSERIAI - JUOZAS STATKEVICIUS\",\"isPartOf\":{\"@id\":\"https:\/\/statkevicius.shop\/en\/#website\"},\"datePublished\":\"2023-05-19T05:44:44+00:00\",\"dateModified\":\"2026-03-22T14:43:56+00:00\",\"breadcrumb\":{\"@id\":\"https:\/\/statkevicius.shop\/produktas\/boxers\/#breadcrumb\"},\"inLanguage\":\"en-US\",\"potentialAction\":[{\"@type\":\"ReadAction\",\"target\":[\"https:\/\/statkevicius.shop\/produktas\/boxers\/\"]}]},{\"@type\":\"BreadcrumbList\",\"@id\":\"https:\/\/statkevicius.shop\/produktas\/boxers\/#breadcrumb\",\"itemListElement\":[{\"@type\":\"ListItem\",\"position\":1,\"name\":\"Home\",\"item\":\"https:\/\/statkevicius.shop\/en\/\"},{\"@type\":\"ListItem\",\"position\":2,\"name\":\"Parduotuv\u0117\",\"item\":\"https:\/\/statkevicius.shop\/en\/\"},{\"@type\":\"ListItem\",\"position\":3,\"name\":\"BOKSERIAI\"}]},{\"@type\":\"WebSite\",\"@id\":\"https:\/\/statkevicius.shop\/en\/#website\",\"url\":\"https:\/\/statkevicius.shop\/en\/\",\"name\":\"JUOZAS STATKEVICIUS\",\"description\":\"Couture\",\"publisher\":{\"@id\":\"https:\/\/statkevicius.shop\/en\/#organization\"},\"potentialAction\":[{\"@type\":\"SearchAction\",\"target\":{\"@type\":\"EntryPoint\",\"urlTemplate\":\"https:\/\/statkevicius.shop\/en\/?s={search_term_string}\"},\"query-input\":\"required name=search_term_string\"}],\"inLanguage\":\"en-US\"},{\"@type\":\"Organization\",\"@id\":\"https:\/\/statkevicius.shop\/en\/#organization\",\"name\":\"JUOZAS STATKEVICIUS\",\"url\":\"https:\/\/statkevicius.shop\/en\/\",\"logo\":{\"@type\":\"ImageObject\",\"inLanguage\":\"en-US\",\"@id\":\"https:\/\/statkevicius.shop\/en\/#\/schema\/logo\/image\/\",\"url\":\"https:\/\/statkevicius.shop\/wp-content\/uploads\/2023\/04\/cropped-JS-logo.png\",\"contentUrl\":\"https:\/\/statkevicius.shop\/wp-content\/uploads\/2023\/04\/cropped-JS-logo.png\",\"width\":842,\"height\":93,\"caption\":\"JUOZAS STATKEVICIUS\"},\"image\":{\"@id\":\"https:\/\/statkevicius.shop\/en\/#\/schema\/logo\/image\/\"}}]}<\/script>\n<!-- \/ Yoast SEO plugin. -->","yoast_head_json":{"title":"BOKSERIAI - JUOZAS STATKEVICIUS","robots":{"index":"index","follow":"follow","max-snippet":"max-snippet:-1","max-image-preview":"max-image-preview:large","max-video-preview":"max-video-preview:-1"},"canonical":"https:\/\/statkevicius.shop\/en\/product\/boxers\/","og_locale":"en_US","og_type":"article","og_title":"BOKSERIAI - JUOZAS STATKEVICIUS","og_description":"DYD\u017dIO IR TINKAMUMO INFORMACIJA Atitinka dyd\u012f, rinkit\u0117s \u012fprast\u0105 dyd\u012f \u0160ie bokseriai prigludusio silueto Modelis d\u0117vi \u00a0 ( S ) Modelis\u00a0yra 185 cm\/6&#8217;1 PRODUKTO INFORMACIJA Juosmuo su vardine guma Med\u017eiaga: Modalas 95%, elastanas 5% Spalva: juoda, balta, pilka Skalbti galima, \u00a0laikantis etiket\u0117je pateikt\u0173 rekomendacij\u0173 Pagaminta Lietuvoje","og_url":"https:\/\/statkevicius.shop\/en\/product\/boxers\/","og_site_name":"JUOZAS STATKEVICIUS","article_modified_time":"2026-03-22T14:43:56+00:00","og_image":[{"width":1811,"height":2500,"url":"https:\/\/statkevicius.shop\/wp-content\/uploads\/2023\/05\/rs1811x2500_10896_dsc_1595-jpg.jpeg","type":"image\/jpeg"}],"twitter_card":"summary_large_image","twitter_misc":{"Est. reading time":"1 minute"},"schema":{"@context":"https:\/\/schema.org","@graph":[{"@type":"WebPage","@id":"https:\/\/statkevicius.shop\/produktas\/boxers\/","url":"https:\/\/statkevicius.shop\/produktas\/boxers\/","name":"BOKSERIAI - JUOZAS STATKEVICIUS","isPartOf":{"@id":"https:\/\/statkevicius.shop\/en\/#website"},"datePublished":"2023-05-19T05:44:44+00:00","dateModified":"2026-03-22T14:43:56+00:00","breadcrumb":{"@id":"https:\/\/statkevicius.shop\/produktas\/boxers\/#breadcrumb"},"inLanguage":"en-US","potentialAction":[{"@type":"ReadAction","target":["https:\/\/statkevicius.shop\/produktas\/boxers\/"]}]},{"@type":"BreadcrumbList","@id":"https:\/\/statkevicius.shop\/produktas\/boxers\/#breadcrumb","itemListElement":[{"@type":"ListItem","position":1,"name":"Home","item":"https:\/\/statkevicius.shop\/en\/"},{"@type":"ListItem","position":2,"name":"Parduotuv\u0117","item":"https:\/\/statkevicius.shop\/en\/"},{"@type":"ListItem","position":3,"name":"BOKSERIAI"}]},{"@type":"WebSite","@id":"https:\/\/statkevicius.shop\/en\/#website","url":"https:\/\/statkevicius.shop\/en\/","name":"JUOZAS STATKEVICIUS","description":"Couture","publisher":{"@id":"https:\/\/statkevicius.shop\/en\/#organization"},"potentialAction":[{"@type":"SearchAction","target":{"@type":"EntryPoint","urlTemplate":"https:\/\/statkevicius.shop\/en\/?s={search_term_string}"},"query-input":"required name=search_term_string"}],"inLanguage":"en-US"},{"@type":"Organization","@id":"https:\/\/statkevicius.shop\/en\/#organization","name":"JUOZAS STATKEVICIUS","url":"https:\/\/statkevicius.shop\/en\/","logo":{"@type":"ImageObject","inLanguage":"en-US","@id":"https:\/\/statkevicius.shop\/en\/#\/schema\/logo\/image\/","url":"https:\/\/statkevicius.shop\/wp-content\/uploads\/2023\/04\/cropped-JS-logo.png","contentUrl":"https:\/\/statkevicius.shop\/wp-content\/uploads\/2023\/04\/cropped-JS-logo.png","width":842,"height":93,"caption":"JUOZAS STATKEVICIUS"},"image":{"@id":"https:\/\/statkevicius.shop\/en\/#\/schema\/logo\/image\/"}}]}},"_links":{"self":[{"href":"https:\/\/statkevicius.shop\/en\/wp-json\/wp\/v2\/product\/12307"}],"collection":[{"href":"https:\/\/statkevicius.shop\/en\/wp-json\/wp\/v2\/product"}],"about":[{"href":"https:\/\/statkevicius.shop\/en\/wp-json\/wp\/v2\/types\/product"}],"replies":[{"embeddable":true,"href":"https:\/\/statkevicius.shop\/en\/wp-json\/wp\/v2\/comments?post=12307"}],"wp:featuredmedia":[{"embeddable":true,"href":"https:\/\/statkevicius.shop\/en\/wp-json\/wp\/v2\/media\/12312"}],"wp:attachment":[{"href":"https:\/\/statkevicius.shop\/en\/wp-json\/wp\/v2\/media?parent=12307"}],"wp:term":[{"taxonomy":"product_cat","embeddable":true,"href":"https:\/\/statkevicius.shop\/en\/wp-json\/wp\/v2\/product_cat?post=12307"},{"taxonomy":"product_tag","embeddable":true,"href":"https:\/\/statkevicius.shop\/en\/wp-json\/wp\/v2\/product_tag?post=12307"}],"curies":[{"name":"wp","href":"https:\/\/api.w.org\/{rel}","templated":true}]}}