{"id":11888,"date":"2023-05-17T11:54:50","date_gmt":"2023-05-17T09:54:50","guid":{"rendered":"https:\/\/statkevicius.shop\/?post_type=product&#038;p=11888"},"modified":"2023-08-15T07:53:09","modified_gmt":"2023-08-15T05:53:09","slug":"jacket-3","status":"publish","type":"product","link":"https:\/\/statkevicius.shop\/en\/product\/jacket-3\/","title":{"rendered":"JACKET"},"content":{"rendered":"<p>SIZE &amp;FIT INFORMATION<br \/>\nFits true to size, take your normal size<br \/>\nTailored for a loose fit<\/p>\n<p>Model wears  ( S )<br \/>\nModel is 177cm\/ 5\u201910<\/p>\n<p>&nbsp;<\/p>\n<p>PRODUCT INFORMATION<br \/>\nBomber jacket<br \/>\nShort cut<br \/>\nMaterial : Viscose  100%<br \/>\nLining: Silk 100%<br \/>\nColor :   Black<br \/>\nSpecialist clean<br \/>\nMade in Lithuania<\/p>\n<p>Dry cleaning only<\/p>","protected":false},"excerpt":{"rendered":"<p>DYD\u017dIO IR TINKAMUMO INFORMACIJA Atitinka dyd\u012f, pasiimkite \u012fprast\u0105 dyd\u012f Pritaikytas laisvo prigludimo Modelis d\u0117vi\u00a0 ( S ) Modelis yra 177 cm \/ 5&#8217;10 &nbsp; PRODUKTO INFORMACIJA Bomber striuk\u0117 Apkarpyta Med\u017eiaga: 100% viskoz\u0117 Pamu\u0161alas: 100% \u0161ilkas Spalva:\u00a0Juoda Specialistas valymas Pagaminta Lietuvoje Tik sausas valymas<\/p>","protected":false},"featured_media":11891,"comment_status":"open","ping_status":"closed","template":"","meta":[],"product_cat":[63,91],"product_tag":[],"yoast_head":"<!-- This site is optimized with the Yoast SEO plugin v21.7 - https:\/\/yoast.com\/wordpress\/plugins\/seo\/ -->\n<title>STRIUK\u0116 - JUOZAS STATKEVICIUS<\/title>\n<meta name=\"robots\" content=\"index, follow, max-snippet:-1, max-image-preview:large, max-video-preview:-1\" \/>\n<link rel=\"canonical\" href=\"https:\/\/statkevicius.shop\/en\/product\/jacket-3\/\" \/>\n<meta property=\"og:locale\" content=\"en_US\" \/>\n<meta property=\"og:type\" content=\"article\" \/>\n<meta property=\"og:title\" content=\"STRIUK\u0116 - JUOZAS STATKEVICIUS\" \/>\n<meta property=\"og:description\" content=\"DYD\u017dIO IR TINKAMUMO INFORMACIJA Atitinka dyd\u012f, pasiimkite \u012fprast\u0105 dyd\u012f Pritaikytas laisvo prigludimo Modelis d\u0117vi\u00a0 ( S ) Modelis yra 177 cm \/ 5&#8217;10 &nbsp; PRODUKTO INFORMACIJA Bomber striuk\u0117 Apkarpyta Med\u017eiaga: 100% viskoz\u0117 Pamu\u0161alas: 100% \u0161ilkas Spalva:\u00a0Juoda Specialistas valymas Pagaminta Lietuvoje Tik sausas valymas\" \/>\n<meta property=\"og:url\" content=\"https:\/\/statkevicius.shop\/en\/product\/jacket-3\/\" \/>\n<meta property=\"og:site_name\" content=\"JUOZAS STATKEVICIUS\" \/>\n<meta property=\"article:modified_time\" content=\"2023-08-15T05:53:09+00:00\" \/>\n<meta property=\"og:image\" content=\"https:\/\/statkevicius.shop\/wp-content\/uploads\/2023\/05\/rs1666x2500_10545_img_8028-jpg.jpeg\" \/>\n\t<meta property=\"og:image:width\" content=\"1666\" \/>\n\t<meta property=\"og:image:height\" content=\"2500\" \/>\n\t<meta property=\"og:image:type\" content=\"image\/jpeg\" \/>\n<meta name=\"twitter:card\" content=\"summary_large_image\" \/>\n<script type=\"application\/ld+json\" class=\"yoast-schema-graph\">{\"@context\":\"https:\/\/schema.org\",\"@graph\":[{\"@type\":\"WebPage\",\"@id\":\"https:\/\/statkevicius.shop\/produktas\/jacket-3\/\",\"url\":\"https:\/\/statkevicius.shop\/produktas\/jacket-3\/\",\"name\":\"STRIUK\u0116 - JUOZAS STATKEVICIUS\",\"isPartOf\":{\"@id\":\"https:\/\/statkevicius.shop\/en\/#website\"},\"datePublished\":\"2023-05-17T09:54:50+00:00\",\"dateModified\":\"2023-08-15T05:53:09+00:00\",\"breadcrumb\":{\"@id\":\"https:\/\/statkevicius.shop\/produktas\/jacket-3\/#breadcrumb\"},\"inLanguage\":\"en-US\",\"potentialAction\":[{\"@type\":\"ReadAction\",\"target\":[\"https:\/\/statkevicius.shop\/produktas\/jacket-3\/\"]}]},{\"@type\":\"BreadcrumbList\",\"@id\":\"https:\/\/statkevicius.shop\/produktas\/jacket-3\/#breadcrumb\",\"itemListElement\":[{\"@type\":\"ListItem\",\"position\":1,\"name\":\"Home\",\"item\":\"https:\/\/statkevicius.shop\/en\/\"},{\"@type\":\"ListItem\",\"position\":2,\"name\":\"Parduotuv\u0117\",\"item\":\"https:\/\/statkevicius.shop\/en\/\"},{\"@type\":\"ListItem\",\"position\":3,\"name\":\"STRIUK\u0116\"}]},{\"@type\":\"WebSite\",\"@id\":\"https:\/\/statkevicius.shop\/en\/#website\",\"url\":\"https:\/\/statkevicius.shop\/en\/\",\"name\":\"JUOZAS STATKEVICIUS\",\"description\":\"Couture\",\"publisher\":{\"@id\":\"https:\/\/statkevicius.shop\/en\/#organization\"},\"potentialAction\":[{\"@type\":\"SearchAction\",\"target\":{\"@type\":\"EntryPoint\",\"urlTemplate\":\"https:\/\/statkevicius.shop\/en\/?s={search_term_string}\"},\"query-input\":\"required name=search_term_string\"}],\"inLanguage\":\"en-US\"},{\"@type\":\"Organization\",\"@id\":\"https:\/\/statkevicius.shop\/en\/#organization\",\"name\":\"JUOZAS STATKEVICIUS\",\"url\":\"https:\/\/statkevicius.shop\/en\/\",\"logo\":{\"@type\":\"ImageObject\",\"inLanguage\":\"en-US\",\"@id\":\"https:\/\/statkevicius.shop\/en\/#\/schema\/logo\/image\/\",\"url\":\"https:\/\/statkevicius.shop\/wp-content\/uploads\/2023\/04\/cropped-JS-logo.png\",\"contentUrl\":\"https:\/\/statkevicius.shop\/wp-content\/uploads\/2023\/04\/cropped-JS-logo.png\",\"width\":842,\"height\":93,\"caption\":\"JUOZAS STATKEVICIUS\"},\"image\":{\"@id\":\"https:\/\/statkevicius.shop\/en\/#\/schema\/logo\/image\/\"}}]}<\/script>\n<!-- \/ Yoast SEO plugin. -->","yoast_head_json":{"title":"STRIUK\u0116 - JUOZAS STATKEVICIUS","robots":{"index":"index","follow":"follow","max-snippet":"max-snippet:-1","max-image-preview":"max-image-preview:large","max-video-preview":"max-video-preview:-1"},"canonical":"https:\/\/statkevicius.shop\/en\/product\/jacket-3\/","og_locale":"en_US","og_type":"article","og_title":"STRIUK\u0116 - JUOZAS STATKEVICIUS","og_description":"DYD\u017dIO IR TINKAMUMO INFORMACIJA Atitinka dyd\u012f, pasiimkite \u012fprast\u0105 dyd\u012f Pritaikytas laisvo prigludimo Modelis d\u0117vi\u00a0 ( S ) Modelis yra 177 cm \/ 5&#8217;10 &nbsp; PRODUKTO INFORMACIJA Bomber striuk\u0117 Apkarpyta Med\u017eiaga: 100% viskoz\u0117 Pamu\u0161alas: 100% \u0161ilkas Spalva:\u00a0Juoda Specialistas valymas Pagaminta Lietuvoje Tik sausas valymas","og_url":"https:\/\/statkevicius.shop\/en\/product\/jacket-3\/","og_site_name":"JUOZAS STATKEVICIUS","article_modified_time":"2023-08-15T05:53:09+00:00","og_image":[{"width":1666,"height":2500,"url":"https:\/\/statkevicius.shop\/wp-content\/uploads\/2023\/05\/rs1666x2500_10545_img_8028-jpg.jpeg","type":"image\/jpeg"}],"twitter_card":"summary_large_image","schema":{"@context":"https:\/\/schema.org","@graph":[{"@type":"WebPage","@id":"https:\/\/statkevicius.shop\/produktas\/jacket-3\/","url":"https:\/\/statkevicius.shop\/produktas\/jacket-3\/","name":"STRIUK\u0116 - JUOZAS STATKEVICIUS","isPartOf":{"@id":"https:\/\/statkevicius.shop\/en\/#website"},"datePublished":"2023-05-17T09:54:50+00:00","dateModified":"2023-08-15T05:53:09+00:00","breadcrumb":{"@id":"https:\/\/statkevicius.shop\/produktas\/jacket-3\/#breadcrumb"},"inLanguage":"en-US","potentialAction":[{"@type":"ReadAction","target":["https:\/\/statkevicius.shop\/produktas\/jacket-3\/"]}]},{"@type":"BreadcrumbList","@id":"https:\/\/statkevicius.shop\/produktas\/jacket-3\/#breadcrumb","itemListElement":[{"@type":"ListItem","position":1,"name":"Home","item":"https:\/\/statkevicius.shop\/en\/"},{"@type":"ListItem","position":2,"name":"Parduotuv\u0117","item":"https:\/\/statkevicius.shop\/en\/"},{"@type":"ListItem","position":3,"name":"STRIUK\u0116"}]},{"@type":"WebSite","@id":"https:\/\/statkevicius.shop\/en\/#website","url":"https:\/\/statkevicius.shop\/en\/","name":"JUOZAS STATKEVICIUS","description":"Couture","publisher":{"@id":"https:\/\/statkevicius.shop\/en\/#organization"},"potentialAction":[{"@type":"SearchAction","target":{"@type":"EntryPoint","urlTemplate":"https:\/\/statkevicius.shop\/en\/?s={search_term_string}"},"query-input":"required name=search_term_string"}],"inLanguage":"en-US"},{"@type":"Organization","@id":"https:\/\/statkevicius.shop\/en\/#organization","name":"JUOZAS STATKEVICIUS","url":"https:\/\/statkevicius.shop\/en\/","logo":{"@type":"ImageObject","inLanguage":"en-US","@id":"https:\/\/statkevicius.shop\/en\/#\/schema\/logo\/image\/","url":"https:\/\/statkevicius.shop\/wp-content\/uploads\/2023\/04\/cropped-JS-logo.png","contentUrl":"https:\/\/statkevicius.shop\/wp-content\/uploads\/2023\/04\/cropped-JS-logo.png","width":842,"height":93,"caption":"JUOZAS STATKEVICIUS"},"image":{"@id":"https:\/\/statkevicius.shop\/en\/#\/schema\/logo\/image\/"}}]}},"_links":{"self":[{"href":"https:\/\/statkevicius.shop\/en\/wp-json\/wp\/v2\/product\/11888"}],"collection":[{"href":"https:\/\/statkevicius.shop\/en\/wp-json\/wp\/v2\/product"}],"about":[{"href":"https:\/\/statkevicius.shop\/en\/wp-json\/wp\/v2\/types\/product"}],"replies":[{"embeddable":true,"href":"https:\/\/statkevicius.shop\/en\/wp-json\/wp\/v2\/comments?post=11888"}],"wp:featuredmedia":[{"embeddable":true,"href":"https:\/\/statkevicius.shop\/en\/wp-json\/wp\/v2\/media\/11891"}],"wp:attachment":[{"href":"https:\/\/statkevicius.shop\/en\/wp-json\/wp\/v2\/media?parent=11888"}],"wp:term":[{"taxonomy":"product_cat","embeddable":true,"href":"https:\/\/statkevicius.shop\/en\/wp-json\/wp\/v2\/product_cat?post=11888"},{"taxonomy":"product_tag","embeddable":true,"href":"https:\/\/statkevicius.shop\/en\/wp-json\/wp\/v2\/product_tag?post=11888"}],"curies":[{"name":"wp","href":"https:\/\/api.w.org\/{rel}","templated":true}]}}