{"id":11283,"date":"2023-04-26T09:48:54","date_gmt":"2023-04-26T07:48:54","guid":{"rendered":"https:\/\/statkevicius.shop\/?post_type=product&#038;p=11283"},"modified":"2024-11-17T11:42:14","modified_gmt":"2024-11-17T09:42:14","slug":"shirt-5","status":"publish","type":"product","link":"https:\/\/statkevicius.shop\/en\/product\/shirt-5\/","title":{"rendered":"SHIRT"},"content":{"rendered":"<div class=\"text_desc\">\n<div class=\"text_desc\">\n<div class=\"text_desc\">\n<div class=\"text_desc\">\n<div class=\"text_desc\">\n<div class=\"text_desc\">\n<div class=\"text_desc\">\n<div class=\"text_desc\">\n<div class=\"text_desc\">\n<div class=\"text_desc\">\n<div class=\"text_desc\">\n<div class=\"text_desc\">\n<div class=\"text_desc\">\n<p>SIZE &amp;FIT INFORMATION<br \/>\nFits true to size, take your normal size<br \/>\nTailored for a regular fit<\/p>\n<p>Model wears  ( S )<br \/>\nModel is 177cm\/ 5\u201910<\/p>\n<p>&nbsp;<\/p>\n<p>PRODUCT INFORMATION<br \/>\nLight<br \/>\nRegular fit<br \/>\nHidden button fastening at front<br \/>\nMaterial: Rib Cotton 100%<br \/>\nColor : White<br \/>\nMachine wash<br \/>\nMade in Lithuania<\/p>\n<\/div>\n<\/div>\n<\/div>\n<\/div>\n<\/div>\n<\/div>\n<\/div>\n<\/div>\n<\/div>\n<\/div>\n<\/div>\n<\/div>\n<\/div>","protected":false},"excerpt":{"rendered":"<p>DYD\u017dIO IR TINKAMUMO INFORMACIJA Atitinka dyd\u012f, pasiimkite \u012fprast\u0105 dyd\u012f Pritaikytas \u012fprastai Modelis d\u0117vi\u00a0 ( S ) Modelis yra 177 cm \/ 5&#8217;10 &nbsp; PRODUKTO INFORMACIJA Lengvas Normalus dydis Priekyje pasl\u0117ptas sagos u\u017esegimas Med\u017eiaga: 100% medviln\u0117 Spalva: Balta Skalbimas ma\u0161ina Pagaminta Lietuvoje<\/p>","protected":false},"featured_media":11287,"comment_status":"open","ping_status":"closed","template":"","meta":[],"product_cat":[63,67],"product_tag":[],"yoast_head":"<!-- This site is optimized with the Yoast SEO plugin v21.7 - https:\/\/yoast.com\/wordpress\/plugins\/seo\/ -->\n<title>MAR\u0160KINIAI - JUOZAS STATKEVICIUS<\/title>\n<meta name=\"robots\" content=\"index, follow, max-snippet:-1, max-image-preview:large, max-video-preview:-1\" \/>\n<link rel=\"canonical\" href=\"https:\/\/statkevicius.shop\/en\/product\/shirt-5\/\" \/>\n<meta property=\"og:locale\" content=\"en_US\" \/>\n<meta property=\"og:type\" content=\"article\" \/>\n<meta property=\"og:title\" content=\"MAR\u0160KINIAI - JUOZAS STATKEVICIUS\" \/>\n<meta property=\"og:description\" content=\"DYD\u017dIO IR TINKAMUMO INFORMACIJA Atitinka dyd\u012f, pasiimkite \u012fprast\u0105 dyd\u012f Pritaikytas \u012fprastai Modelis d\u0117vi\u00a0 ( S ) Modelis yra 177 cm \/ 5&#8217;10 &nbsp; PRODUKTO INFORMACIJA Lengvas Normalus dydis Priekyje pasl\u0117ptas sagos u\u017esegimas Med\u017eiaga: 100% medviln\u0117 Spalva: Balta Skalbimas ma\u0161ina Pagaminta Lietuvoje\" \/>\n<meta property=\"og:url\" content=\"https:\/\/statkevicius.shop\/en\/product\/shirt-5\/\" \/>\n<meta property=\"og:site_name\" content=\"JUOZAS STATKEVICIUS\" \/>\n<meta property=\"article:modified_time\" content=\"2024-11-17T09:42:14+00:00\" \/>\n<meta property=\"og:image\" content=\"https:\/\/statkevicius.shop\/wp-content\/uploads\/2023\/04\/9826_cf070144_low.jpg\" \/>\n\t<meta property=\"og:image:width\" content=\"2000\" \/>\n\t<meta property=\"og:image:height\" content=\"2000\" \/>\n\t<meta property=\"og:image:type\" content=\"image\/jpeg\" \/>\n<meta name=\"twitter:card\" content=\"summary_large_image\" \/>\n<script type=\"application\/ld+json\" class=\"yoast-schema-graph\">{\"@context\":\"https:\/\/schema.org\",\"@graph\":[{\"@type\":\"WebPage\",\"@id\":\"https:\/\/statkevicius.shop\/produktas\/shirt-5\/\",\"url\":\"https:\/\/statkevicius.shop\/produktas\/shirt-5\/\",\"name\":\"MAR\u0160KINIAI - JUOZAS STATKEVICIUS\",\"isPartOf\":{\"@id\":\"https:\/\/statkevicius.shop\/en\/#website\"},\"datePublished\":\"2023-04-26T07:48:54+00:00\",\"dateModified\":\"2024-11-17T09:42:14+00:00\",\"breadcrumb\":{\"@id\":\"https:\/\/statkevicius.shop\/produktas\/shirt-5\/#breadcrumb\"},\"inLanguage\":\"en-US\",\"potentialAction\":[{\"@type\":\"ReadAction\",\"target\":[\"https:\/\/statkevicius.shop\/produktas\/shirt-5\/\"]}]},{\"@type\":\"BreadcrumbList\",\"@id\":\"https:\/\/statkevicius.shop\/produktas\/shirt-5\/#breadcrumb\",\"itemListElement\":[{\"@type\":\"ListItem\",\"position\":1,\"name\":\"Home\",\"item\":\"https:\/\/statkevicius.shop\/en\/\"},{\"@type\":\"ListItem\",\"position\":2,\"name\":\"Parduotuv\u0117\",\"item\":\"https:\/\/statkevicius.shop\/en\/\"},{\"@type\":\"ListItem\",\"position\":3,\"name\":\"MAR\u0160KINIAI\"}]},{\"@type\":\"WebSite\",\"@id\":\"https:\/\/statkevicius.shop\/en\/#website\",\"url\":\"https:\/\/statkevicius.shop\/en\/\",\"name\":\"JUOZAS STATKEVICIUS\",\"description\":\"Couture\",\"publisher\":{\"@id\":\"https:\/\/statkevicius.shop\/en\/#organization\"},\"potentialAction\":[{\"@type\":\"SearchAction\",\"target\":{\"@type\":\"EntryPoint\",\"urlTemplate\":\"https:\/\/statkevicius.shop\/en\/?s={search_term_string}\"},\"query-input\":\"required name=search_term_string\"}],\"inLanguage\":\"en-US\"},{\"@type\":\"Organization\",\"@id\":\"https:\/\/statkevicius.shop\/en\/#organization\",\"name\":\"JUOZAS STATKEVICIUS\",\"url\":\"https:\/\/statkevicius.shop\/en\/\",\"logo\":{\"@type\":\"ImageObject\",\"inLanguage\":\"en-US\",\"@id\":\"https:\/\/statkevicius.shop\/en\/#\/schema\/logo\/image\/\",\"url\":\"https:\/\/statkevicius.shop\/wp-content\/uploads\/2023\/04\/cropped-JS-logo.png\",\"contentUrl\":\"https:\/\/statkevicius.shop\/wp-content\/uploads\/2023\/04\/cropped-JS-logo.png\",\"width\":842,\"height\":93,\"caption\":\"JUOZAS STATKEVICIUS\"},\"image\":{\"@id\":\"https:\/\/statkevicius.shop\/en\/#\/schema\/logo\/image\/\"}}]}<\/script>\n<!-- \/ Yoast SEO plugin. -->","yoast_head_json":{"title":"MAR\u0160KINIAI - JUOZAS STATKEVICIUS","robots":{"index":"index","follow":"follow","max-snippet":"max-snippet:-1","max-image-preview":"max-image-preview:large","max-video-preview":"max-video-preview:-1"},"canonical":"https:\/\/statkevicius.shop\/en\/product\/shirt-5\/","og_locale":"en_US","og_type":"article","og_title":"MAR\u0160KINIAI - JUOZAS STATKEVICIUS","og_description":"DYD\u017dIO IR TINKAMUMO INFORMACIJA Atitinka dyd\u012f, pasiimkite \u012fprast\u0105 dyd\u012f Pritaikytas \u012fprastai Modelis d\u0117vi\u00a0 ( S ) Modelis yra 177 cm \/ 5&#8217;10 &nbsp; PRODUKTO INFORMACIJA Lengvas Normalus dydis Priekyje pasl\u0117ptas sagos u\u017esegimas Med\u017eiaga: 100% medviln\u0117 Spalva: Balta Skalbimas ma\u0161ina Pagaminta Lietuvoje","og_url":"https:\/\/statkevicius.shop\/en\/product\/shirt-5\/","og_site_name":"JUOZAS STATKEVICIUS","article_modified_time":"2024-11-17T09:42:14+00:00","og_image":[{"width":2000,"height":2000,"url":"https:\/\/statkevicius.shop\/wp-content\/uploads\/2023\/04\/9826_cf070144_low.jpg","type":"image\/jpeg"}],"twitter_card":"summary_large_image","schema":{"@context":"https:\/\/schema.org","@graph":[{"@type":"WebPage","@id":"https:\/\/statkevicius.shop\/produktas\/shirt-5\/","url":"https:\/\/statkevicius.shop\/produktas\/shirt-5\/","name":"MAR\u0160KINIAI - JUOZAS STATKEVICIUS","isPartOf":{"@id":"https:\/\/statkevicius.shop\/en\/#website"},"datePublished":"2023-04-26T07:48:54+00:00","dateModified":"2024-11-17T09:42:14+00:00","breadcrumb":{"@id":"https:\/\/statkevicius.shop\/produktas\/shirt-5\/#breadcrumb"},"inLanguage":"en-US","potentialAction":[{"@type":"ReadAction","target":["https:\/\/statkevicius.shop\/produktas\/shirt-5\/"]}]},{"@type":"BreadcrumbList","@id":"https:\/\/statkevicius.shop\/produktas\/shirt-5\/#breadcrumb","itemListElement":[{"@type":"ListItem","position":1,"name":"Home","item":"https:\/\/statkevicius.shop\/en\/"},{"@type":"ListItem","position":2,"name":"Parduotuv\u0117","item":"https:\/\/statkevicius.shop\/en\/"},{"@type":"ListItem","position":3,"name":"MAR\u0160KINIAI"}]},{"@type":"WebSite","@id":"https:\/\/statkevicius.shop\/en\/#website","url":"https:\/\/statkevicius.shop\/en\/","name":"JUOZAS STATKEVICIUS","description":"Couture","publisher":{"@id":"https:\/\/statkevicius.shop\/en\/#organization"},"potentialAction":[{"@type":"SearchAction","target":{"@type":"EntryPoint","urlTemplate":"https:\/\/statkevicius.shop\/en\/?s={search_term_string}"},"query-input":"required name=search_term_string"}],"inLanguage":"en-US"},{"@type":"Organization","@id":"https:\/\/statkevicius.shop\/en\/#organization","name":"JUOZAS STATKEVICIUS","url":"https:\/\/statkevicius.shop\/en\/","logo":{"@type":"ImageObject","inLanguage":"en-US","@id":"https:\/\/statkevicius.shop\/en\/#\/schema\/logo\/image\/","url":"https:\/\/statkevicius.shop\/wp-content\/uploads\/2023\/04\/cropped-JS-logo.png","contentUrl":"https:\/\/statkevicius.shop\/wp-content\/uploads\/2023\/04\/cropped-JS-logo.png","width":842,"height":93,"caption":"JUOZAS STATKEVICIUS"},"image":{"@id":"https:\/\/statkevicius.shop\/en\/#\/schema\/logo\/image\/"}}]}},"_links":{"self":[{"href":"https:\/\/statkevicius.shop\/en\/wp-json\/wp\/v2\/product\/11283"}],"collection":[{"href":"https:\/\/statkevicius.shop\/en\/wp-json\/wp\/v2\/product"}],"about":[{"href":"https:\/\/statkevicius.shop\/en\/wp-json\/wp\/v2\/types\/product"}],"replies":[{"embeddable":true,"href":"https:\/\/statkevicius.shop\/en\/wp-json\/wp\/v2\/comments?post=11283"}],"wp:featuredmedia":[{"embeddable":true,"href":"https:\/\/statkevicius.shop\/en\/wp-json\/wp\/v2\/media\/11287"}],"wp:attachment":[{"href":"https:\/\/statkevicius.shop\/en\/wp-json\/wp\/v2\/media?parent=11283"}],"wp:term":[{"taxonomy":"product_cat","embeddable":true,"href":"https:\/\/statkevicius.shop\/en\/wp-json\/wp\/v2\/product_cat?post=11283"},{"taxonomy":"product_tag","embeddable":true,"href":"https:\/\/statkevicius.shop\/en\/wp-json\/wp\/v2\/product_tag?post=11283"}],"curies":[{"name":"wp","href":"https:\/\/api.w.org\/{rel}","templated":true}]}}