{"id":15,"date":"2023-04-18T08:53:43","date_gmt":"2023-04-18T08:53:43","guid":{"rendered":"https:\/\/statkevicius.shop\/wishlist\/"},"modified":"2023-06-30T10:30:36","modified_gmt":"2023-06-30T08:30:36","slug":"wishlist","status":"publish","type":"page","link":"https:\/\/statkevicius.shop\/en\/wishlist\/","title":{"rendered":"Wishlist"},"content":{"rendered":"<div class=\"woosw-list\"><table class=\"woosw-items\"><tr class=\"woosw-item woosw-item-18853\" data-id=\"18853\"><td class=\"woosw-item--image\"><a  href=\"https:\/\/statkevicius.shop\/en\/product\/marskineliai\/\" ><img width=\"900\" height=\"900\" src=\"https:\/\/statkevicius.shop\/wp-content\/uploads\/2025\/08\/marskineliai-900x900.png\" class=\"attachment-woocommerce_thumbnail size-woocommerce_thumbnail\" alt=\"\" loading=\"lazy\" \/><\/a><\/td><td class=\"woosw-item--info\"><div class=\"woosw-item--name\"><a  href=\"https:\/\/statkevicius.shop\/en\/product\/marskineliai\/\" >T-SHIRT<\/a><\/div><div class=\"woosw-item--price\"><span class=\"woocommerce-Price-amount amount\"><span class=\"woocommerce-Price-currencySymbol\">&euro;<\/span>40.00<\/span><\/div><div class=\"woosw-item--time\">November 17, 2025<\/div><\/td><td class=\"woosw-item--actions\"><div class=\"woosw-item--stock\"><p class=\"stock in-stock\" data-no-translation=\"\" data-trp-gettext=\"\">In stock<\/p>\n<\/div><div class=\"woosw-item--add\"><p class=\"product woocommerce add_to_cart_inline\" style=\"\"><a href=\"https:\/\/statkevicius.shop\/en\/product\/marskineliai\/\" data-quantity=\"1\" class=\"button product_type_variable add_to_cart_button\" data-product_id=\"18853\" data-product_sku=\"JS00087-2\" aria-label=\"Select options for \u201cMAR\u0160KIN\u0116LIAI\u201d\" aria-describedby=\"This product has multiple variants. The options may be chosen on the product page\" rel=\"nofollow\" data-no-translation-aria-label=\"\" data-no-translation-aria-describedby=\"\">Select<\/a><\/p><\/div><\/td><\/tr><tr class=\"woosw-item woosw-item-13177\" data-id=\"13177\"><td class=\"woosw-item--image\"><a  href=\"https:\/\/statkevicius.shop\/en\/product\/new-scarf-5\/\" ><img width=\"850\" height=\"850\" src=\"https:\/\/statkevicius.shop\/wp-content\/uploads\/2023\/05\/12003_green.jpg\" class=\"attachment-woocommerce_thumbnail size-woocommerce_thumbnail\" alt=\"\" loading=\"lazy\" \/><\/a><\/td><td class=\"woosw-item--info\"><div class=\"woosw-item--name\"><a  href=\"https:\/\/statkevicius.shop\/en\/product\/new-scarf-5\/\" >NEW! SCARF<\/a><\/div><div class=\"woosw-item--price\"><span class=\"woocommerce-Price-amount amount\"><span class=\"woocommerce-Price-currencySymbol\">&euro;<\/span>95.00<\/span><\/div><div class=\"woosw-item--time\">April 28, 2025<\/div><\/td><td class=\"woosw-item--actions\"><div class=\"woosw-item--stock\"><p class=\"stock in-stock\" data-no-translation=\"\" data-trp-gettext=\"\">In stock<\/p>\n<\/div><div class=\"woosw-item--add\"><p class=\"product woocommerce add_to_cart_inline\" style=\"\"><a href=\"?add-to-cart=13177\" data-quantity=\"1\" class=\"button product_type_simple add_to_cart_button ajax_add_to_cart\" data-product_id=\"13177\" data-product_sku=\"JS00148\" aria-label=\"Add \u201cNAUJIENA! SKARA\u201d to your cart\" aria-describedby=\"\" rel=\"nofollow\" data-no-translation=\"\" data-trp-gettext=\"\" data-no-translation-aria-label=\"\">Choose<\/a><\/p><\/div><\/td><\/tr><tr class=\"woosw-item woosw-item-17449\" data-id=\"17449\"><td class=\"woosw-item--image\"><a  href=\"https:\/\/statkevicius.shop\/en\/product\/dzemperis-2\/\" ><img width=\"900\" height=\"900\" src=\"https:\/\/statkevicius.shop\/wp-content\/uploads\/2024\/12\/atelier_dzemperis-900x900.png\" class=\"attachment-woocommerce_thumbnail size-woocommerce_thumbnail\" alt=\"\" loading=\"lazy\" \/><\/a><\/td><td class=\"woosw-item--info\"><div class=\"woosw-item--name\"><a  href=\"https:\/\/statkevicius.shop\/en\/product\/dzemperis-2\/\" >Jumper<\/a><\/div><div class=\"woosw-item--price\"><del aria-hidden=\"true\"><span class=\"woocommerce-Price-amount amount\"><span class=\"woocommerce-Price-currencySymbol\">&euro;<\/span>50.00<\/span><\/del> <ins><span class=\"woocommerce-Price-amount amount\"><span class=\"woocommerce-Price-currencySymbol\">&euro;<\/span>35.00<\/span><\/ins><\/div><div class=\"woosw-item--time\">March 28, 2025<\/div><\/td><td class=\"woosw-item--actions\"><div class=\"woosw-item--stock\"><p class=\"stock out-of-stock\" data-no-translation=\"\" data-trp-gettext=\"\">Out of stock<\/p>\n<\/div><div class=\"woosw-item--add\"><p class=\"product woocommerce add_to_cart_inline\" style=\"\"><a href=\"https:\/\/statkevicius.shop\/en\/product\/dzemperis-2\/\" data-quantity=\"1\" class=\"button product_type_variable\" data-product_id=\"17449\" data-product_sku=\"\" aria-label=\"Select options for \u201cD\u017eemperis\u201d\" aria-describedby=\"This product has multiple variants. The options may be chosen on the product page\" rel=\"nofollow\" data-no-translation-aria-label=\"\" data-no-translation-aria-describedby=\"\">Select<\/a><\/p><\/div><\/td><\/tr><tr class=\"woosw-item woosw-item-11156\" data-id=\"11156\"><td class=\"woosw-item--image\"><a  href=\"https:\/\/statkevicius.shop\/en\/product\/socks-short\/\" ><img width=\"900\" height=\"900\" src=\"https:\/\/statkevicius.shop\/wp-content\/uploads\/2023\/04\/kojines2-900x900.png\" class=\"attachment-woocommerce_thumbnail size-woocommerce_thumbnail\" alt=\"\" loading=\"lazy\" \/><\/a><\/td><td class=\"woosw-item--info\"><div class=\"woosw-item--name\"><a  href=\"https:\/\/statkevicius.shop\/en\/product\/socks-short\/\" >MEDIUM LENGTH SOCKS<\/a><\/div><div class=\"woosw-item--price\"><span class=\"woocommerce-Price-amount amount\"><span class=\"woocommerce-Price-currencySymbol\">&euro;<\/span>14.00<\/span><\/div><div class=\"woosw-item--time\">February 6, 2025<\/div><\/td><td class=\"woosw-item--actions\"><div class=\"woosw-item--stock\"><p class=\"stock in-stock\" data-no-translation=\"\" data-trp-gettext=\"\">In stock<\/p>\n<\/div><div class=\"woosw-item--add\"><p class=\"product woocommerce add_to_cart_inline\" style=\"\"><a href=\"https:\/\/statkevicius.shop\/en\/product\/socks-short\/\" data-quantity=\"1\" class=\"button product_type_variable add_to_cart_button\" data-product_id=\"11156\" data-product_sku=\"JS00004\" aria-label=\"Select options for \u201cVIDUTINIO ILGIO KOJIN\u0116S\u201d\" aria-describedby=\"This product has multiple variants. The options may be chosen on the product page\" rel=\"nofollow\" data-no-translation-aria-label=\"\" data-no-translation-aria-describedby=\"\">Select<\/a><\/p><\/div><\/td><\/tr><tr class=\"woosw-item woosw-item-17028\" data-id=\"17028\"><td class=\"woosw-item--image\"><a  href=\"https:\/\/statkevicius.shop\/en\/product\/naujiena-pukine-liemene-2\/\" ><img width=\"900\" height=\"900\" src=\"https:\/\/statkevicius.shop\/wp-content\/uploads\/2024\/11\/DSC04995-900x900.jpg\" class=\"attachment-woocommerce_thumbnail size-woocommerce_thumbnail\" alt=\"\" loading=\"lazy\" \/><\/a><\/td><td class=\"woosw-item--info\"><div class=\"woosw-item--name\"><a  href=\"https:\/\/statkevicius.shop\/en\/product\/naujiena-pukine-liemene-2\/\" >NEW! Down vest<\/a><\/div><div class=\"woosw-item--price\"><span class=\"woocommerce-Price-amount amount\"><span class=\"woocommerce-Price-currencySymbol\">&euro;<\/span>550.00<\/span><\/div><div class=\"woosw-item--time\">November 23, 2024<\/div><\/td><td class=\"woosw-item--actions\"><div class=\"woosw-item--stock\"><\/div><div class=\"woosw-item--add\"><p class=\"product woocommerce add_to_cart_inline\" style=\"\"><a href=\"https:\/\/statkevicius.shop\/en\/product\/naujiena-pukine-liemene-2\/\" data-quantity=\"1\" class=\"button product_type_variable add_to_cart_button\" data-product_id=\"17028\" data-product_sku=\"\" aria-label=\"Select options for \u201cNAUJIENA! P\u016bkin\u0117 liemen\u0117\u201d\" aria-describedby=\"This product has multiple variants. The options may be chosen on the product page\" rel=\"nofollow\" data-no-translation-aria-label=\"\" data-no-translation-aria-describedby=\"\">Select<\/a><\/p><\/div><\/td><\/tr><tr class=\"woosw-item woosw-item-12894\" data-id=\"12894\"><td class=\"woosw-item--image\"><a  href=\"https:\/\/statkevicius.shop\/en\/product\/rouge-de-paris\/\" ><img width=\"892\" height=\"900\" src=\"https:\/\/statkevicius.shop\/wp-content\/uploads\/2023\/05\/11830_js-su-dezute-eshop-892x900.jpg\" class=\"attachment-woocommerce_thumbnail size-woocommerce_thumbnail\" alt=\"\" loading=\"lazy\" \/><\/a><\/td><td class=\"woosw-item--info\"><div class=\"woosw-item--name\"><a  href=\"https:\/\/statkevicius.shop\/en\/product\/rouge-de-paris\/\" >Rouge de Paris.  EAU DE PARFUM<\/a><\/div><div class=\"woosw-item--price\"><span class=\"woocommerce-Price-amount amount\"><span class=\"woocommerce-Price-currencySymbol\">&euro;<\/span>130.00<\/span><\/div><div class=\"woosw-item--time\">November 12, 2024<\/div><\/td><td class=\"woosw-item--actions\"><div class=\"woosw-item--stock\"><p class=\"stock in-stock\" data-no-translation=\"\" data-trp-gettext=\"\">In stock<\/p>\n<\/div><div class=\"woosw-item--add\"><p class=\"product woocommerce add_to_cart_inline\" style=\"\"><a href=\"?add-to-cart=12894\" data-quantity=\"1\" class=\"button product_type_simple add_to_cart_button ajax_add_to_cart\" data-product_id=\"12894\" data-product_sku=\"JS00111\" aria-label=\"Add \u201cPARFUMUOTAS VANDUO ROUGE DE PARIS\u201d to your cart\" aria-describedby=\"\" rel=\"nofollow\" data-no-translation=\"\" data-trp-gettext=\"\" data-no-translation-aria-label=\"\">Choose<\/a><\/p><\/div><\/td><\/tr><tr class=\"woosw-item woosw-item-13173\" data-id=\"13173\"><td class=\"woosw-item--image\"><a  href=\"https:\/\/statkevicius.shop\/en\/product\/new-scarf-4\/\" ><img width=\"850\" height=\"850\" src=\"https:\/\/statkevicius.shop\/wp-content\/uploads\/2023\/05\/12002_navy.jpg\" class=\"attachment-woocommerce_thumbnail size-woocommerce_thumbnail\" alt=\"\" loading=\"lazy\" \/><\/a><\/td><td class=\"woosw-item--info\"><div class=\"woosw-item--name\"><a  href=\"https:\/\/statkevicius.shop\/en\/product\/new-scarf-4\/\" >NEW! SCARF<\/a><\/div><div class=\"woosw-item--price\"><span class=\"woocommerce-Price-amount amount\"><span class=\"woocommerce-Price-currencySymbol\">&euro;<\/span>95.00<\/span><\/div><div class=\"woosw-item--time\">August 3, 2024<\/div><\/td><td class=\"woosw-item--actions\"><div class=\"woosw-item--stock\"><p class=\"stock in-stock\" data-no-translation=\"\" data-trp-gettext=\"\">In stock<\/p>\n<\/div><div class=\"woosw-item--add\"><p class=\"product woocommerce add_to_cart_inline\" style=\"\"><a href=\"?add-to-cart=13173\" data-quantity=\"1\" class=\"button product_type_simple add_to_cart_button ajax_add_to_cart\" data-product_id=\"13173\" data-product_sku=\"JS00147\" aria-label=\"Add \u201cNAUJIENA! SKARA\u201d to your cart\" aria-describedby=\"\" rel=\"nofollow\" data-no-translation=\"\" data-trp-gettext=\"\" data-no-translation-aria-label=\"\">Choose<\/a><\/p><\/div><\/td><\/tr><tr class=\"woosw-item woosw-item-12846\" data-id=\"12846\"><td class=\"woosw-item--image\"><a  href=\"https:\/\/statkevicius.shop\/en\/product\/jacket-4\/\" ><img width=\"900\" height=\"900\" src=\"https:\/\/statkevicius.shop\/wp-content\/uploads\/2023\/05\/rs1920x2500_10626_dsc_1496-jpg-900x900.jpeg\" class=\"attachment-woocommerce_thumbnail size-woocommerce_thumbnail\" alt=\"\" loading=\"lazy\" \/><\/a><\/td><td class=\"woosw-item--info\"><div class=\"woosw-item--name\"><a  href=\"https:\/\/statkevicius.shop\/en\/product\/jacket-4\/\" >JACKET<\/a><\/div><div class=\"woosw-item--price\"><span class=\"woocommerce-Price-amount amount\"><span class=\"woocommerce-Price-currencySymbol\">&euro;<\/span>2,499.00<\/span><\/div><div class=\"woosw-item--time\">December 10, 2023<\/div><\/td><td class=\"woosw-item--actions\"><div class=\"woosw-item--stock\"><p class=\"stock in-stock\" data-no-translation=\"\" data-trp-gettext=\"\">In stock<\/p>\n<\/div><div class=\"woosw-item--add\"><p class=\"product woocommerce add_to_cart_inline\" style=\"\"><a href=\"https:\/\/statkevicius.shop\/en\/product\/jacket-4\/\" data-quantity=\"1\" class=\"button product_type_variable add_to_cart_button\" data-product_id=\"12846\" data-product_sku=\"JS00107\" aria-label=\"Select options for \u201c\u0160VARKAS\u201d\" aria-describedby=\"This product has multiple variants. The options may be chosen on the product page\" rel=\"nofollow\" data-no-translation-aria-label=\"\" data-no-translation-aria-describedby=\"\">Select<\/a><\/p><\/div><\/td><\/tr><tr class=\"woosw-item woosw-item-12274\" data-id=\"12274\"><td class=\"woosw-item--image\"><a  href=\"https:\/\/statkevicius.shop\/en\/product\/socks-3\/\" ><img width=\"900\" height=\"900\" src=\"https:\/\/statkevicius.shop\/wp-content\/uploads\/2023\/04\/4-scaled-900x900.jpg\" class=\"attachment-woocommerce_thumbnail size-woocommerce_thumbnail\" alt=\"\" loading=\"lazy\" \/><\/a><\/td><td class=\"woosw-item--info\"><div class=\"woosw-item--name\"><a  href=\"https:\/\/statkevicius.shop\/en\/product\/socks-3\/\" >SOCKS<\/a><\/div><div class=\"woosw-item--price\"><span class=\"woocommerce-Price-amount amount\"><span class=\"woocommerce-Price-currencySymbol\">&euro;<\/span>14.00<\/span><\/div><div class=\"woosw-item--time\">November 6, 2023<\/div><\/td><td class=\"woosw-item--actions\"><div class=\"woosw-item--stock\"><p class=\"stock out-of-stock\" data-no-translation=\"\" data-trp-gettext=\"\">Out of stock<\/p>\n<\/div><div class=\"woosw-item--add\"><p class=\"product woocommerce add_to_cart_inline\" style=\"\"><a href=\"https:\/\/statkevicius.shop\/en\/product\/socks-3\/\" data-quantity=\"1\" class=\"button product_type_variable\" data-product_id=\"12274\" data-product_sku=\"JS00067\" aria-label=\"Select options for \u201cKOJIN\u0116S\u201d\" aria-describedby=\"This product has multiple variants. The options may be chosen on the product page\" rel=\"nofollow\" data-no-translation-aria-label=\"\" data-no-translation-aria-describedby=\"\">Select<\/a><\/p><\/div><\/td><\/tr><\/table><div class=\"woosw-actions\"><div class=\"woosw-copy\"><span class=\"woosw-copy-label\">Wishlist link:<\/span><span class=\"woosw-copy-url\"><input id=\"woosw_copy_url\" type=\"url\" value=\"https:\/\/statkevicius.shop\/en\/wishlist\/WOOSW\" readonly><\/span><span class=\"woosw-copy-btn\"><input id=\"woosw_copy_btn\" type=\"button\" value=\"Copy\"\/><\/span><\/div><!-- \/woosw-copy --><\/div><!-- \/woosw-actions --><\/div><!-- \/woosw-list -->","protected":false},"excerpt":{"rendered":"","protected":false},"author":1,"featured_media":0,"parent":0,"menu_order":0,"comment_status":"closed","ping_status":"closed","template":"","meta":{"footnotes":""},"yoast_head":"<!-- This site is optimized with the Yoast SEO plugin v21.7 - https:\/\/yoast.com\/wordpress\/plugins\/seo\/ -->\n<title>Nor\u0173 s\u0105ra\u0161as - JUOZAS STATKEVICIUS<\/title>\n<meta name=\"robots\" content=\"index, follow, max-snippet:-1, max-image-preview:large, max-video-preview:-1\" \/>\n<link rel=\"canonical\" href=\"https:\/\/statkevicius.shop\/en\/wishlist\/\" \/>\n<meta property=\"og:locale\" content=\"en_US\" \/>\n<meta property=\"og:type\" content=\"article\" \/>\n<meta property=\"og:title\" content=\"Nor\u0173 s\u0105ra\u0161as - JUOZAS STATKEVICIUS\" \/>\n<meta property=\"og:url\" content=\"https:\/\/statkevicius.shop\/en\/wishlist\/\" \/>\n<meta property=\"og:site_name\" content=\"JUOZAS STATKEVICIUS\" \/>\n<meta property=\"article:modified_time\" content=\"2023-06-30T08:30:36+00:00\" \/>\n<meta name=\"twitter:card\" content=\"summary_large_image\" \/>\n<script type=\"application\/ld+json\" class=\"yoast-schema-graph\">{\"@context\":\"https:\/\/schema.org\",\"@graph\":[{\"@type\":\"WebPage\",\"@id\":\"https:\/\/statkevicius.shop\/wishlist\/\",\"url\":\"https:\/\/statkevicius.shop\/wishlist\/\",\"name\":\"Nor\u0173 s\u0105ra\u0161as - JUOZAS STATKEVICIUS\",\"isPartOf\":{\"@id\":\"https:\/\/statkevicius.shop\/en\/#website\"},\"datePublished\":\"2023-04-18T08:53:43+00:00\",\"dateModified\":\"2023-06-30T08:30:36+00:00\",\"breadcrumb\":{\"@id\":\"https:\/\/statkevicius.shop\/wishlist\/#breadcrumb\"},\"inLanguage\":\"en-US\",\"potentialAction\":[{\"@type\":\"ReadAction\",\"target\":[\"https:\/\/statkevicius.shop\/wishlist\/\"]}]},{\"@type\":\"BreadcrumbList\",\"@id\":\"https:\/\/statkevicius.shop\/wishlist\/#breadcrumb\",\"itemListElement\":[{\"@type\":\"ListItem\",\"position\":1,\"name\":\"Home\",\"item\":\"https:\/\/statkevicius.shop\/en\/\"},{\"@type\":\"ListItem\",\"position\":2,\"name\":\"Nor\u0173 s\u0105ra\u0161as\"}]},{\"@type\":\"WebSite\",\"@id\":\"https:\/\/statkevicius.shop\/en\/#website\",\"url\":\"https:\/\/statkevicius.shop\/en\/\",\"name\":\"JUOZAS STATKEVICIUS\",\"description\":\"Couture\",\"publisher\":{\"@id\":\"https:\/\/statkevicius.shop\/en\/#organization\"},\"potentialAction\":[{\"@type\":\"SearchAction\",\"target\":{\"@type\":\"EntryPoint\",\"urlTemplate\":\"https:\/\/statkevicius.shop\/en\/?s={search_term_string}\"},\"query-input\":\"required name=search_term_string\"}],\"inLanguage\":\"en-US\"},{\"@type\":\"Organization\",\"@id\":\"https:\/\/statkevicius.shop\/en\/#organization\",\"name\":\"JUOZAS STATKEVICIUS\",\"url\":\"https:\/\/statkevicius.shop\/en\/\",\"logo\":{\"@type\":\"ImageObject\",\"inLanguage\":\"en-US\",\"@id\":\"https:\/\/statkevicius.shop\/en\/#\/schema\/logo\/image\/\",\"url\":\"https:\/\/statkevicius.shop\/wp-content\/uploads\/2023\/04\/cropped-JS-logo.png\",\"contentUrl\":\"https:\/\/statkevicius.shop\/wp-content\/uploads\/2023\/04\/cropped-JS-logo.png\",\"width\":842,\"height\":93,\"caption\":\"JUOZAS STATKEVICIUS\"},\"image\":{\"@id\":\"https:\/\/statkevicius.shop\/en\/#\/schema\/logo\/image\/\"}}]}<\/script>\n<!-- \/ Yoast SEO plugin. -->","yoast_head_json":{"title":"Nor\u0173 s\u0105ra\u0161as - JUOZAS STATKEVICIUS","robots":{"index":"index","follow":"follow","max-snippet":"max-snippet:-1","max-image-preview":"max-image-preview:large","max-video-preview":"max-video-preview:-1"},"canonical":"https:\/\/statkevicius.shop\/en\/wishlist\/","og_locale":"en_US","og_type":"article","og_title":"Nor\u0173 s\u0105ra\u0161as - JUOZAS STATKEVICIUS","og_url":"https:\/\/statkevicius.shop\/en\/wishlist\/","og_site_name":"JUOZAS STATKEVICIUS","article_modified_time":"2023-06-30T08:30:36+00:00","twitter_card":"summary_large_image","schema":{"@context":"https:\/\/schema.org","@graph":[{"@type":"WebPage","@id":"https:\/\/statkevicius.shop\/wishlist\/","url":"https:\/\/statkevicius.shop\/wishlist\/","name":"Nor\u0173 s\u0105ra\u0161as - JUOZAS STATKEVICIUS","isPartOf":{"@id":"https:\/\/statkevicius.shop\/en\/#website"},"datePublished":"2023-04-18T08:53:43+00:00","dateModified":"2023-06-30T08:30:36+00:00","breadcrumb":{"@id":"https:\/\/statkevicius.shop\/wishlist\/#breadcrumb"},"inLanguage":"en-US","potentialAction":[{"@type":"ReadAction","target":["https:\/\/statkevicius.shop\/wishlist\/"]}]},{"@type":"BreadcrumbList","@id":"https:\/\/statkevicius.shop\/wishlist\/#breadcrumb","itemListElement":[{"@type":"ListItem","position":1,"name":"Home","item":"https:\/\/statkevicius.shop\/en\/"},{"@type":"ListItem","position":2,"name":"Nor\u0173 s\u0105ra\u0161as"}]},{"@type":"WebSite","@id":"https:\/\/statkevicius.shop\/en\/#website","url":"https:\/\/statkevicius.shop\/en\/","name":"JUOZAS STATKEVICIUS","description":"Couture","publisher":{"@id":"https:\/\/statkevicius.shop\/en\/#organization"},"potentialAction":[{"@type":"SearchAction","target":{"@type":"EntryPoint","urlTemplate":"https:\/\/statkevicius.shop\/en\/?s={search_term_string}"},"query-input":"required name=search_term_string"}],"inLanguage":"en-US"},{"@type":"Organization","@id":"https:\/\/statkevicius.shop\/en\/#organization","name":"JUOZAS STATKEVICIUS","url":"https:\/\/statkevicius.shop\/en\/","logo":{"@type":"ImageObject","inLanguage":"en-US","@id":"https:\/\/statkevicius.shop\/en\/#\/schema\/logo\/image\/","url":"https:\/\/statkevicius.shop\/wp-content\/uploads\/2023\/04\/cropped-JS-logo.png","contentUrl":"https:\/\/statkevicius.shop\/wp-content\/uploads\/2023\/04\/cropped-JS-logo.png","width":842,"height":93,"caption":"JUOZAS STATKEVICIUS"},"image":{"@id":"https:\/\/statkevicius.shop\/en\/#\/schema\/logo\/image\/"}}]}},"_links":{"self":[{"href":"https:\/\/statkevicius.shop\/en\/wp-json\/wp\/v2\/pages\/15"}],"collection":[{"href":"https:\/\/statkevicius.shop\/en\/wp-json\/wp\/v2\/pages"}],"about":[{"href":"https:\/\/statkevicius.shop\/en\/wp-json\/wp\/v2\/types\/page"}],"author":[{"embeddable":true,"href":"https:\/\/statkevicius.shop\/en\/wp-json\/wp\/v2\/users\/1"}],"replies":[{"embeddable":true,"href":"https:\/\/statkevicius.shop\/en\/wp-json\/wp\/v2\/comments?post=15"}],"version-history":[{"count":0,"href":"https:\/\/statkevicius.shop\/en\/wp-json\/wp\/v2\/pages\/15\/revisions"}],"wp:attachment":[{"href":"https:\/\/statkevicius.shop\/en\/wp-json\/wp\/v2\/media?parent=15"}],"curies":[{"name":"wp","href":"https:\/\/api.w.org\/{rel}","templated":true}]}}