{"id":13729,"date":"2023-06-23T07:06:34","date_gmt":"2023-06-23T07:06:34","guid":{"rendered":"https:\/\/statkevicius.shop\/?page_id=13729"},"modified":"2023-06-23T07:07:20","modified_gmt":"2023-06-23T07:07:20","slug":"pastabos","status":"publish","type":"page","link":"https:\/\/statkevicius.shop\/en\/pastabos\/","title":{"rendered":"Notes"},"content":{"rendered":"<div data-elementor-type=\"wp-page\" data-elementor-id=\"13729\" class=\"elementor elementor-13729\">\n\t\t\t\t\t\t\t<div class=\"elementor-element elementor-element-f3ab4e8 e-flex e-con-boxed e-con\" data-id=\"f3ab4e8\" data-element_type=\"container\" data-settings=\"{&quot;content_width&quot;:&quot;boxed&quot;}\">\n\t\t\t\t\t<div class=\"e-con-inner\">\n\t\t\t\t<div class=\"elementor-element elementor-element-cf90dfb elementor-widget elementor-widget-heading\" data-id=\"cf90dfb\" data-element_type=\"widget\" data-widget_type=\"heading.default\">\n\t\t\t\t<div class=\"elementor-widget-container\">\n\t\t\t<h2 class=\"elementor-heading-title elementor-size-default\">PASTABOS<\/h2>\t\t<\/div>\n\t\t\t\t<\/div>\n\t\t\t\t\t<\/div>\n\t\t\t\t<\/div>\n\t\t<div class=\"elementor-element elementor-element-8b64063 e-flex e-con-boxed e-con\" data-id=\"8b64063\" data-element_type=\"container\" data-settings=\"{&quot;content_width&quot;:&quot;boxed&quot;}\">\n\t\t\t\t\t<div class=\"e-con-inner\">\n\t\t\t\t<div class=\"elementor-element elementor-element-5d54588 elementor-widget elementor-widget-text-editor\" data-id=\"5d54588\" data-element_type=\"widget\" data-widget_type=\"text-editor.default\">\n\t\t\t\t<div class=\"elementor-widget-container\">\n\t\t\t\t\t\t\t<p>PRIED\u0172 PRIE\u017dI\u016aROS REKOMENDACIJOS<\/p><p>\u00a0<\/p><p>Bi\u017euterija<\/p><p>Bi\u017euterijos aksesuarus galima gr\u0105\u017einti per 14 dien\u0173. Garantija taikoma 14 dien\u0173 nuo prek\u0117s gavimo dienos. Garantija bi\u017euterijai nebus taikoma, jei priedai bus pa\u017eeisti.<\/p><p>Bi\u017euterijos prie\u017ei\u016bra<\/p><p>Nelaikykite bi\u017euterijos pried\u0173 tiesioginiuose saul\u0117s spinduliuose. Priedai gali prarasti spalv\u0105 ir blizges\u012f d\u0117l tiesiogini\u0173 saul\u0117s spinduli\u0173. Geriausia vieta bi\u017euterijos priedams laikyti yra konsol\u0117je, komodoje arba atskirame stal\u010diuje. Jei turite galimyb\u0119 \u2013 savo priedus laikykite atskirose d\u0117\u017e\u0117se.<\/p><p>Rekomenduotina saul\u0117s vonias be pried\u0173.<\/p><p>Bi\u017euterijos priedai gali oksiduotis ir prarasti spalv\u0105 bei blizges\u012f veikiami dr\u0117gm\u0117s. Laikydami priedus venkite dr\u0117gn\u0173 viet\u0173, nes dr\u0117gm\u0117 gali sukelti korozij\u0105. Prie\u0161 eidami maudytis j\u016broje, e\u017eere ar up\u0117je, nusiimkite visus priedus. Galite pamesti \u017eiedus, nes \u0161altame vandenyje pir\u0161tai suplon\u0117ja. Plaukdami banguotoje j\u016broje galite pamesti grandines ir\/ar auskarus.<\/p><p>\u00a0<\/p><p>Nepurk\u0161kite kvepal\u0173 tiesiai ant pried\u0173. Aksesuarus rekomenduojama nuvalyti sausa kosmetine servet\u0117le vos juos nu\u0117mus. Jei norite, kad priedai kuo ilgiau i\u0161likt\u0173 gra\u017e\u016bs, atsargiai ir periodi\u0161kai nuvalykite juos sausa servet\u0117le.<\/p><p>\u00a0<\/p><p>Papuo\u0161alai<\/p><p>Papuo\u0161alai negali b\u016bti gr\u0105\u017einami ir nekei\u010diami remiantis Lietuvos Respublikos \u016bkio ministro \u012fsakymu Nr. 217 (2001 m. bir\u017eelio 29 d.).<\/p><p>\u00a0<\/p><p>Papuo\u0161al\u0173 prie\u017ei\u016bra<\/p><p>Auksas yra taurusis metalas, pasi\u017eymintis dideliu atsparumu laikui ir i\u0161oriniam poveikiui. Nepaisant to, aukso pried\u0173 pavir\u0161ius yra gana mink\u0161tas, ypa\u010d jei auksas yra auk\u0161tesnio tyrimo standarto. Tod\u0117l auksiniai aksesuarai turi b\u016bti apsaugoti nuo \u012fbr\u0117\u017eim\u0173.<\/p><p>Auksinius ir sidabrinius aksesuarus rekomenduojama valyti specialiomis servet\u0117l\u0117mis.<\/p><p>Nerekomenduojama ne\u0161ioti papuo\u0161al\u0173 atliekant buities ar lauko darbus, nes chemin\u0117s med\u017eiagos, gruntas ar darbo \u012frankiai gali pa\u017eeisti pried\u0173 pavir\u0161i\u0173.<\/p><p>K\u016bno losjonus, kremus nuo saul\u0117s rekomenduojama naudoti tik nu\u0117mus priedus, nes aksesuarai jautr\u016bs bet kurioms k\u016bno prie\u017ei\u016bros priemon\u0117ms ir gali pakeisti spalv\u0105, prarasti blizges\u012f ir atrodyti kaip labai seni. Taip pat rekomenduojama nepurk\u0161ti joki\u0173 kvepal\u0173 ant pried\u0173.<\/p><p>\u00a0<\/p><p>Perlai<\/p><p>Prie\u0161 d\u0117dami perlus, naudokite savo kosmetik\u0105 ir kvepalus.<\/p><p>U\u017esid\u0117j\u0119 perlus, juos tinkamai nuvalykite mink\u0161tos med\u017eiagos liku\u010diu, kad pa\u0161alintum\u0117te kosmetikos liku\u010dius ir odos riebalus.<\/p><p>Perlus nuplaukite mink\u0161tame muiluotame vandenyje ir palikite i\u0161d\u017ei\u016bti ant mink\u0161to audinio gabalo.<\/p><p>Venkite situacij\u0173, kai perl\u0173 pavir\u0161ius gali b\u016bti subrai\u017eytas ar pa\u017eeistas.<\/p><p>Nelaikykite perl\u0173 hermeti\u0161kai u\u017edaryt\u0173, nes jie gali i\u0161saus\u0117ti.<\/p><p>Nelaikykite perl\u0173 labai auk\u0161toje temperat\u016broje arba tiesioginiuose saul\u0117s spinduliuose.<\/p><p>Venkite perl\u0173 i\u0161 acto, r\u016bg\u0161\u010di\u0173, valikli\u0173 su amoniu ar chloru, balikliu ar ra\u0161alu.<\/p><p>BAT\u0172 PRIE\u017dI\u016aROS REKOMENDACIJOS<\/p><p>\u00a0<\/p><p>Batus rinkit\u0117s pagal p\u0117d\u0173 form\u0105 ir dyd\u012f, kad p\u0117dos nespaust\u0173.<br \/>Av\u0117dami batus naudokite bat\u0173 segtukus, kad kuln\u0173 si\u016bl\u0117s b\u016bt\u0173 saugios.<br \/>Nauji batai turi b\u016bti impregnuoti, kad b\u016bt\u0173 apsaugoti nuo i\u0161orini\u0173 poveiki\u0173. Esant dr\u0117gnam orui, batus reikia impregnuoti kelis kartus per savait\u0119.<br \/>Nat\u016bralios odos batus reikia valyti specialiais valikliais: dr\u0117gna servet\u0117le arba bat\u0173 valymo balzamu. Neplaukite bat\u0173 vandeniu.<br \/>Nat\u016bralios odos batai yra jautr\u016bs vandeniui ir lietui. Neav\u0117kite \u0161lapi\u0173 bat\u0173.<br \/>I\u0161d\u017eiovinkite batus kambario temperat\u016broje. Ned\u017eiovinkite nat\u016bralios odos bat\u0173 \u0161alia atviros ugnies, \u0161ildymo prietais\u0173 ar virykl\u0117s, nes nat\u016brali oda taps per sausa, kieta ir trapi.<br \/>Pasir\u016bpinkite nat\u016braliais zom\u0161iniais ir nubuko batais ir valykite tik specialiais valikliais.<br \/>Lakuotos odos batus galite av\u0117ti, kai maksimali temperat\u016bra yra minus 5 laipsniai.<br \/>Lakuotos odos batai ir ry\u0161ki\u0173 spalv\u0173 batai gali pakeisti savo spalv\u0105 veikiami tiesiogini\u0173 saul\u0117s spinduli\u0173.<br \/>Rekomenduojama steb\u0117ti bat\u0173 b\u016bkl\u0119 ir laiku juos taisyti.<br \/>Saugokite batus nuo a\u0161tri\u0173 daikt\u0173, kad i\u0161vengtum\u0117te bat\u0173 pavir\u0161iaus \u012fbr\u0117\u017eim\u0173, nuo chemini\u0173 produkt\u0173, r\u016bg\u0161\u010di\u0173, tirpikli\u0173 ir kt.<br \/>SVARBU! Defektu nelaikomi mechaniniai \u012fbr\u0117\u017eimai, t.y. susid\u0117v\u0117j\u0119 apatiniai kuln\u0173 \u012fbr\u0117\u017eimai, avalyn\u0117s nusid\u0117v\u0117jimas, defektai, atsirad\u0119 d\u0117l bat\u0173 prie\u017ei\u016bros taisykli\u0173 ne\u017einojimo, taip pat lengvi defektai, neturintys \u012ftakos avalyn\u0117s eksploatacijai.<br \/>Garantija netaikoma smulkiems remontams, kei\u010diamoms apdailos detal\u0117ms, kulnams, vidpad\u017eiams.<br \/>D\u0116MESIO! Garantija netaikoma bat\u0173 puo\u0161ybos elementams, pvz., sagtims, lankams, rai\u0161teli\u0173, karoliuk\u0173 ir kt.<br \/>Pinigai negr\u0105\u017einami, jei batai buvo av\u0117ti kur\u012f laik\u0105 ir paai\u0161k\u0117jo, kad bat\u0173 dydis ir\/ar modelis neatitiko arba batai atrod\u0117 nepatog\u016bs.<\/p>\t\t\t\t\t\t<\/div>\n\t\t\t\t<\/div>\n\t\t\t\t\t<\/div>\n\t\t\t\t<\/div>\n\t\t\t\t\t\t\t<\/div>","protected":false},"excerpt":{"rendered":"<p>PASTABOS PRIED\u0172 PRIE\u017dI\u016aROS REKOMENDACIJOS \u00a0 Bi\u017euterija Bi\u017euterijos aksesuarus galima gr\u0105\u017einti per 14 dien\u0173. Garantija taikoma 14 dien\u0173 nuo prek\u0117s gavimo dienos. Garantija bi\u017euterijai nebus taikoma, jei priedai bus pa\u017eeisti. Bi\u017euterijos prie\u017ei\u016bra Nelaikykite bi\u017euterijos pried\u0173 tiesioginiuose saul\u0117s spinduliuose. Priedai gali prarasti spalv\u0105 ir blizges\u012f d\u0117l tiesiogini\u0173 saul\u0117s spinduli\u0173. Geriausia vieta bi\u017euterijos priedams laikyti yra konsol\u0117je, komodoje [&hellip;]<\/p>","protected":false},"author":1,"featured_media":0,"parent":0,"menu_order":0,"comment_status":"closed","ping_status":"closed","template":"elementor_header_footer","meta":{"footnotes":""},"yoast_head":"<!-- This site is optimized with the Yoast SEO plugin v21.7 - https:\/\/yoast.com\/wordpress\/plugins\/seo\/ -->\n<title>Pastabos - JUOZAS STATKEVICIUS<\/title>\n<meta name=\"robots\" content=\"index, follow, max-snippet:-1, max-image-preview:large, max-video-preview:-1\" \/>\n<link rel=\"canonical\" href=\"https:\/\/statkevicius.shop\/en\/pastabos\/\" \/>\n<meta property=\"og:locale\" content=\"en_US\" \/>\n<meta property=\"og:type\" content=\"article\" \/>\n<meta property=\"og:title\" content=\"Pastabos - JUOZAS STATKEVICIUS\" \/>\n<meta property=\"og:description\" content=\"PASTABOS PRIED\u0172 PRIE\u017dI\u016aROS REKOMENDACIJOS \u00a0 Bi\u017euterija Bi\u017euterijos aksesuarus galima gr\u0105\u017einti per 14 dien\u0173. Garantija taikoma 14 dien\u0173 nuo prek\u0117s gavimo dienos. Garantija bi\u017euterijai nebus taikoma, jei priedai bus pa\u017eeisti. Bi\u017euterijos prie\u017ei\u016bra Nelaikykite bi\u017euterijos pried\u0173 tiesioginiuose saul\u0117s spinduliuose. Priedai gali prarasti spalv\u0105 ir blizges\u012f d\u0117l tiesiogini\u0173 saul\u0117s spinduli\u0173. Geriausia vieta bi\u017euterijos priedams laikyti yra konsol\u0117je, komodoje [&hellip;]\" \/>\n<meta property=\"og:url\" content=\"https:\/\/statkevicius.shop\/en\/pastabos\/\" \/>\n<meta property=\"og:site_name\" content=\"JUOZAS STATKEVICIUS\" \/>\n<meta property=\"article:modified_time\" content=\"2023-06-23T07:07:20+00:00\" \/>\n<meta name=\"twitter:card\" content=\"summary_large_image\" \/>\n<meta name=\"twitter:label1\" content=\"Est. reading time\" \/>\n\t<meta name=\"twitter:data1\" content=\"4 minutes\" \/>\n<script type=\"application\/ld+json\" class=\"yoast-schema-graph\">{\"@context\":\"https:\/\/schema.org\",\"@graph\":[{\"@type\":\"WebPage\",\"@id\":\"https:\/\/statkevicius.shop\/pastabos\/\",\"url\":\"https:\/\/statkevicius.shop\/pastabos\/\",\"name\":\"Pastabos - JUOZAS STATKEVICIUS\",\"isPartOf\":{\"@id\":\"https:\/\/statkevicius.shop\/en\/#website\"},\"datePublished\":\"2023-06-23T07:06:34+00:00\",\"dateModified\":\"2023-06-23T07:07:20+00:00\",\"breadcrumb\":{\"@id\":\"https:\/\/statkevicius.shop\/pastabos\/#breadcrumb\"},\"inLanguage\":\"en-US\",\"potentialAction\":[{\"@type\":\"ReadAction\",\"target\":[\"https:\/\/statkevicius.shop\/pastabos\/\"]}]},{\"@type\":\"BreadcrumbList\",\"@id\":\"https:\/\/statkevicius.shop\/pastabos\/#breadcrumb\",\"itemListElement\":[{\"@type\":\"ListItem\",\"position\":1,\"name\":\"Home\",\"item\":\"https:\/\/statkevicius.shop\/en\/\"},{\"@type\":\"ListItem\",\"position\":2,\"name\":\"Pastabos\"}]},{\"@type\":\"WebSite\",\"@id\":\"https:\/\/statkevicius.shop\/en\/#website\",\"url\":\"https:\/\/statkevicius.shop\/en\/\",\"name\":\"JUOZAS STATKEVICIUS\",\"description\":\"Couture\",\"publisher\":{\"@id\":\"https:\/\/statkevicius.shop\/en\/#organization\"},\"potentialAction\":[{\"@type\":\"SearchAction\",\"target\":{\"@type\":\"EntryPoint\",\"urlTemplate\":\"https:\/\/statkevicius.shop\/en\/?s={search_term_string}\"},\"query-input\":\"required name=search_term_string\"}],\"inLanguage\":\"en-US\"},{\"@type\":\"Organization\",\"@id\":\"https:\/\/statkevicius.shop\/en\/#organization\",\"name\":\"JUOZAS STATKEVICIUS\",\"url\":\"https:\/\/statkevicius.shop\/en\/\",\"logo\":{\"@type\":\"ImageObject\",\"inLanguage\":\"en-US\",\"@id\":\"https:\/\/statkevicius.shop\/en\/#\/schema\/logo\/image\/\",\"url\":\"https:\/\/statkevicius.shop\/wp-content\/uploads\/2023\/04\/cropped-JS-logo.png\",\"contentUrl\":\"https:\/\/statkevicius.shop\/wp-content\/uploads\/2023\/04\/cropped-JS-logo.png\",\"width\":842,\"height\":93,\"caption\":\"JUOZAS STATKEVICIUS\"},\"image\":{\"@id\":\"https:\/\/statkevicius.shop\/en\/#\/schema\/logo\/image\/\"}}]}<\/script>\n<!-- \/ Yoast SEO plugin. -->","yoast_head_json":{"title":"Pastabos - JUOZAS STATKEVICIUS","robots":{"index":"index","follow":"follow","max-snippet":"max-snippet:-1","max-image-preview":"max-image-preview:large","max-video-preview":"max-video-preview:-1"},"canonical":"https:\/\/statkevicius.shop\/en\/pastabos\/","og_locale":"en_US","og_type":"article","og_title":"Pastabos - JUOZAS STATKEVICIUS","og_description":"PASTABOS PRIED\u0172 PRIE\u017dI\u016aROS REKOMENDACIJOS \u00a0 Bi\u017euterija Bi\u017euterijos aksesuarus galima gr\u0105\u017einti per 14 dien\u0173. Garantija taikoma 14 dien\u0173 nuo prek\u0117s gavimo dienos. Garantija bi\u017euterijai nebus taikoma, jei priedai bus pa\u017eeisti. Bi\u017euterijos prie\u017ei\u016bra Nelaikykite bi\u017euterijos pried\u0173 tiesioginiuose saul\u0117s spinduliuose. Priedai gali prarasti spalv\u0105 ir blizges\u012f d\u0117l tiesiogini\u0173 saul\u0117s spinduli\u0173. Geriausia vieta bi\u017euterijos priedams laikyti yra konsol\u0117je, komodoje [&hellip;]","og_url":"https:\/\/statkevicius.shop\/en\/pastabos\/","og_site_name":"JUOZAS STATKEVICIUS","article_modified_time":"2023-06-23T07:07:20+00:00","twitter_card":"summary_large_image","twitter_misc":{"Est. reading time":"4 minutes"},"schema":{"@context":"https:\/\/schema.org","@graph":[{"@type":"WebPage","@id":"https:\/\/statkevicius.shop\/pastabos\/","url":"https:\/\/statkevicius.shop\/pastabos\/","name":"Pastabos - JUOZAS STATKEVICIUS","isPartOf":{"@id":"https:\/\/statkevicius.shop\/en\/#website"},"datePublished":"2023-06-23T07:06:34+00:00","dateModified":"2023-06-23T07:07:20+00:00","breadcrumb":{"@id":"https:\/\/statkevicius.shop\/pastabos\/#breadcrumb"},"inLanguage":"en-US","potentialAction":[{"@type":"ReadAction","target":["https:\/\/statkevicius.shop\/pastabos\/"]}]},{"@type":"BreadcrumbList","@id":"https:\/\/statkevicius.shop\/pastabos\/#breadcrumb","itemListElement":[{"@type":"ListItem","position":1,"name":"Home","item":"https:\/\/statkevicius.shop\/en\/"},{"@type":"ListItem","position":2,"name":"Pastabos"}]},{"@type":"WebSite","@id":"https:\/\/statkevicius.shop\/en\/#website","url":"https:\/\/statkevicius.shop\/en\/","name":"JUOZAS STATKEVICIUS","description":"Couture","publisher":{"@id":"https:\/\/statkevicius.shop\/en\/#organization"},"potentialAction":[{"@type":"SearchAction","target":{"@type":"EntryPoint","urlTemplate":"https:\/\/statkevicius.shop\/en\/?s={search_term_string}"},"query-input":"required name=search_term_string"}],"inLanguage":"en-US"},{"@type":"Organization","@id":"https:\/\/statkevicius.shop\/en\/#organization","name":"JUOZAS STATKEVICIUS","url":"https:\/\/statkevicius.shop\/en\/","logo":{"@type":"ImageObject","inLanguage":"en-US","@id":"https:\/\/statkevicius.shop\/en\/#\/schema\/logo\/image\/","url":"https:\/\/statkevicius.shop\/wp-content\/uploads\/2023\/04\/cropped-JS-logo.png","contentUrl":"https:\/\/statkevicius.shop\/wp-content\/uploads\/2023\/04\/cropped-JS-logo.png","width":842,"height":93,"caption":"JUOZAS STATKEVICIUS"},"image":{"@id":"https:\/\/statkevicius.shop\/en\/#\/schema\/logo\/image\/"}}]}},"_links":{"self":[{"href":"https:\/\/statkevicius.shop\/en\/wp-json\/wp\/v2\/pages\/13729"}],"collection":[{"href":"https:\/\/statkevicius.shop\/en\/wp-json\/wp\/v2\/pages"}],"about":[{"href":"https:\/\/statkevicius.shop\/en\/wp-json\/wp\/v2\/types\/page"}],"author":[{"embeddable":true,"href":"https:\/\/statkevicius.shop\/en\/wp-json\/wp\/v2\/users\/1"}],"replies":[{"embeddable":true,"href":"https:\/\/statkevicius.shop\/en\/wp-json\/wp\/v2\/comments?post=13729"}],"version-history":[{"count":0,"href":"https:\/\/statkevicius.shop\/en\/wp-json\/wp\/v2\/pages\/13729\/revisions"}],"wp:attachment":[{"href":"https:\/\/statkevicius.shop\/en\/wp-json\/wp\/v2\/media?parent=13729"}],"curies":[{"name":"wp","href":"https:\/\/api.w.org\/{rel}","templated":true}]}}