{"id":13723,"date":"2023-06-23T07:03:05","date_gmt":"2023-06-23T07:03:05","guid":{"rendered":"https:\/\/statkevicius.shop\/?page_id=13723"},"modified":"2023-09-21T15:34:17","modified_gmt":"2023-09-21T13:34:17","slug":"grazinimas-ir-keitimas","status":"publish","type":"page","link":"https:\/\/statkevicius.shop\/en\/grazinimas-ir-keitimas\/","title":{"rendered":"Returns and Exchanges"},"content":{"rendered":"<div data-elementor-type=\"wp-page\" data-elementor-id=\"13723\" class=\"elementor elementor-13723\">\n\t\t\t\t\t\t\t<div class=\"elementor-element elementor-element-933def2 e-flex e-con-boxed e-con\" data-id=\"933def2\" data-element_type=\"container\" data-settings=\"{&quot;content_width&quot;:&quot;boxed&quot;}\">\n\t\t\t\t\t<div class=\"e-con-inner\">\n\t\t\t\t<div class=\"elementor-element elementor-element-40654a4 elementor-widget elementor-widget-heading\" data-id=\"40654a4\" data-element_type=\"widget\" data-widget_type=\"heading.default\">\n\t\t\t\t<div class=\"elementor-widget-container\">\n\t\t\t<h2 class=\"elementor-heading-title elementor-size-default\">Returns and Exchanges<\/h2>\t\t<\/div>\n\t\t\t\t<\/div>\n\t\t\t\t<div class=\"elementor-element elementor-element-1763187 elementor-widget elementor-widget-text-editor\" data-id=\"1763187\" data-element_type=\"widget\" data-widget_type=\"text-editor.default\">\n\t\t\t\t<div class=\"elementor-widget-container\">\n\t\t\t\t\t\t\t<ol><li>Product Return Order<\/li><\/ol><p>1.1. The Buyer has the right to return purchased goods within 14 days from the date of delivery, in accordance with the Order No. 271 of the Minister of Economy of the Republic of Lithuania dated 29 June 2001 and Order No. 258 of the Minister of Economy of the Republic of Lithuania dated 17 August 2001.<\/p><p>1.2. EU customers have the right to return purchased goods under the Order No. 258 of the Minister of Economy of the Republic of Lithuania dated 17 August 2001, and additionally may cancel their order within 7 working days. The day after receiving the order is considered the first day of the 7-day cancellation period. If you wish to cancel your order, you must submit a written request to our customer service department by email \u2013 juozas@statkevicius.com<\/p><p>1.3. The appearance of goods displayed on different computers and\/or monitors may vary. The Seller is not responsible for the Buyer\u2019s decisions. Fashion House Juozas Statkevi\u010dius reserves the right to change product details, such as the brand label, etc. Therefore, the item in the photo may differ slightly.<\/p><p>1.4. Goods can be returned and\/or exchanged if they have not been used, are clean, include the product security tag (please do not remove it!), have all possible labels, and are in the original packaging \u2013 except for underwear, jewelry, and accessories.<\/p><p>1.5. When returning and\/or exchanging goods, they must be with the security tag and in their original packaging.<\/p><p>1.6. The Seller undertakes to exchange the goods for identical items of a different size and\/or color. If the Buyer wishes to exchange purchased goods for items of a different type, the Buyer must return the goods and purchase new ones according to the website rules.<\/p><p>1.7. To exchange or return an item, the Buyer must present proof of purchase (receipt). The item must be sent to UAB Fashion House Juozas Statkevi\u010dius, Pamenkalnio g. 2-1, LT-01116 Vilnius, Lithuania.<\/p><p>1.8. The money for returned goods will be refunded within 14 working days from the date the goods are returned to the Seller and the Seller confirms receipt of the returned goods. The delivery fee is non-refundable.<\/p><p>1.9. The Seller recommends returning goods via secure and insured delivery companies such as DPD, VENIPAK, OMNIVA, or similar, as the Seller is not responsible for items not received. Return shipping costs are covered by the Buyer.<\/p><p>1.10. Requests to return goods are usually reviewed within 48 hours of receipt, except in cases of delivery delays, weekends, Christmas and New Year holidays, sales periods, etc.<\/p><p>1.11. During the Christmas period, goods purchased after November 1 may be exchanged until January 15 of the following year.<\/p>\t\t\t\t\t\t<\/div>\n\t\t\t\t<\/div>\n\t\t\t\t\t<\/div>\n\t\t\t\t<\/div>\n\t\t\t\t\t\t\t<\/div>","protected":false},"excerpt":{"rendered":"<p>Gr\u0105\u017einimas ir Keitimas Preki\u0173 gr\u0105\u017einimo u\u017esakymas 1.1. Pirk\u0117jas turi teis\u0119 gr\u0105\u017einti \u012fsigytas prekes per 14 dien\u0173 nuo pristatymo dienos pagal Lietuvos Respublikos \u016bkio ministro 2001 m. bir\u017eelio 29 d. \u012fsakym\u0105 Nr. 271 ir LR \u016bkio ministro \u012fsakym\u0105 Nr. 258 Lietuva 2001 m. rugpj\u016b\u010dio 17 d.; 1.2. ES klientai turi teis\u0119 gr\u0105\u017einti \u012fsigytas prekes pagal LR [&hellip;]<\/p>","protected":false},"author":1,"featured_media":0,"parent":0,"menu_order":0,"comment_status":"closed","ping_status":"closed","template":"elementor_header_footer","meta":{"footnotes":""},"yoast_head":"<!-- This site is optimized with the Yoast SEO plugin v21.7 - https:\/\/yoast.com\/wordpress\/plugins\/seo\/ -->\n<title>Gr\u0105\u017einimas ir keitimas - JUOZAS STATKEVICIUS<\/title>\n<meta name=\"robots\" content=\"index, follow, max-snippet:-1, max-image-preview:large, max-video-preview:-1\" \/>\n<link rel=\"canonical\" href=\"https:\/\/statkevicius.shop\/en\/grazinimas-ir-keitimas\/\" \/>\n<meta property=\"og:locale\" content=\"en_US\" \/>\n<meta property=\"og:type\" content=\"article\" \/>\n<meta property=\"og:title\" content=\"Gr\u0105\u017einimas ir keitimas - JUOZAS STATKEVICIUS\" \/>\n<meta property=\"og:description\" content=\"Gr\u0105\u017einimas ir Keitimas Preki\u0173 gr\u0105\u017einimo u\u017esakymas 1.1. Pirk\u0117jas turi teis\u0119 gr\u0105\u017einti \u012fsigytas prekes per 14 dien\u0173 nuo pristatymo dienos pagal Lietuvos Respublikos \u016bkio ministro 2001 m. bir\u017eelio 29 d. \u012fsakym\u0105 Nr. 271 ir LR \u016bkio ministro \u012fsakym\u0105 Nr. 258 Lietuva 2001 m. rugpj\u016b\u010dio 17 d.; 1.2. ES klientai turi teis\u0119 gr\u0105\u017einti \u012fsigytas prekes pagal LR [&hellip;]\" \/>\n<meta property=\"og:url\" content=\"https:\/\/statkevicius.shop\/en\/grazinimas-ir-keitimas\/\" \/>\n<meta property=\"og:site_name\" content=\"JUOZAS STATKEVICIUS\" \/>\n<meta property=\"article:modified_time\" content=\"2023-09-21T13:34:17+00:00\" \/>\n<meta name=\"twitter:card\" content=\"summary_large_image\" \/>\n<meta name=\"twitter:label1\" content=\"Est. reading time\" \/>\n\t<meta name=\"twitter:data1\" content=\"2 minutes\" \/>\n<script type=\"application\/ld+json\" class=\"yoast-schema-graph\">{\"@context\":\"https:\/\/schema.org\",\"@graph\":[{\"@type\":\"WebPage\",\"@id\":\"https:\/\/statkevicius.shop\/grazinimas-ir-keitimas\/\",\"url\":\"https:\/\/statkevicius.shop\/grazinimas-ir-keitimas\/\",\"name\":\"Gr\u0105\u017einimas ir keitimas - JUOZAS STATKEVICIUS\",\"isPartOf\":{\"@id\":\"https:\/\/statkevicius.shop\/en\/#website\"},\"datePublished\":\"2023-06-23T07:03:05+00:00\",\"dateModified\":\"2023-09-21T13:34:17+00:00\",\"breadcrumb\":{\"@id\":\"https:\/\/statkevicius.shop\/grazinimas-ir-keitimas\/#breadcrumb\"},\"inLanguage\":\"en-US\",\"potentialAction\":[{\"@type\":\"ReadAction\",\"target\":[\"https:\/\/statkevicius.shop\/grazinimas-ir-keitimas\/\"]}]},{\"@type\":\"BreadcrumbList\",\"@id\":\"https:\/\/statkevicius.shop\/grazinimas-ir-keitimas\/#breadcrumb\",\"itemListElement\":[{\"@type\":\"ListItem\",\"position\":1,\"name\":\"Home\",\"item\":\"https:\/\/statkevicius.shop\/en\/\"},{\"@type\":\"ListItem\",\"position\":2,\"name\":\"Gr\u0105\u017einimas ir keitimas\"}]},{\"@type\":\"WebSite\",\"@id\":\"https:\/\/statkevicius.shop\/en\/#website\",\"url\":\"https:\/\/statkevicius.shop\/en\/\",\"name\":\"JUOZAS STATKEVICIUS\",\"description\":\"Couture\",\"publisher\":{\"@id\":\"https:\/\/statkevicius.shop\/en\/#organization\"},\"potentialAction\":[{\"@type\":\"SearchAction\",\"target\":{\"@type\":\"EntryPoint\",\"urlTemplate\":\"https:\/\/statkevicius.shop\/en\/?s={search_term_string}\"},\"query-input\":\"required name=search_term_string\"}],\"inLanguage\":\"en-US\"},{\"@type\":\"Organization\",\"@id\":\"https:\/\/statkevicius.shop\/en\/#organization\",\"name\":\"JUOZAS STATKEVICIUS\",\"url\":\"https:\/\/statkevicius.shop\/en\/\",\"logo\":{\"@type\":\"ImageObject\",\"inLanguage\":\"en-US\",\"@id\":\"https:\/\/statkevicius.shop\/en\/#\/schema\/logo\/image\/\",\"url\":\"https:\/\/statkevicius.shop\/wp-content\/uploads\/2023\/04\/cropped-JS-logo.png\",\"contentUrl\":\"https:\/\/statkevicius.shop\/wp-content\/uploads\/2023\/04\/cropped-JS-logo.png\",\"width\":842,\"height\":93,\"caption\":\"JUOZAS STATKEVICIUS\"},\"image\":{\"@id\":\"https:\/\/statkevicius.shop\/en\/#\/schema\/logo\/image\/\"}}]}<\/script>\n<!-- \/ Yoast SEO plugin. -->","yoast_head_json":{"title":"Gr\u0105\u017einimas ir keitimas - JUOZAS STATKEVICIUS","robots":{"index":"index","follow":"follow","max-snippet":"max-snippet:-1","max-image-preview":"max-image-preview:large","max-video-preview":"max-video-preview:-1"},"canonical":"https:\/\/statkevicius.shop\/en\/grazinimas-ir-keitimas\/","og_locale":"en_US","og_type":"article","og_title":"Gr\u0105\u017einimas ir keitimas - JUOZAS STATKEVICIUS","og_description":"Gr\u0105\u017einimas ir Keitimas Preki\u0173 gr\u0105\u017einimo u\u017esakymas 1.1. Pirk\u0117jas turi teis\u0119 gr\u0105\u017einti \u012fsigytas prekes per 14 dien\u0173 nuo pristatymo dienos pagal Lietuvos Respublikos \u016bkio ministro 2001 m. bir\u017eelio 29 d. \u012fsakym\u0105 Nr. 271 ir LR \u016bkio ministro \u012fsakym\u0105 Nr. 258 Lietuva 2001 m. rugpj\u016b\u010dio 17 d.; 1.2. ES klientai turi teis\u0119 gr\u0105\u017einti \u012fsigytas prekes pagal LR [&hellip;]","og_url":"https:\/\/statkevicius.shop\/en\/grazinimas-ir-keitimas\/","og_site_name":"JUOZAS STATKEVICIUS","article_modified_time":"2023-09-21T13:34:17+00:00","twitter_card":"summary_large_image","twitter_misc":{"Est. reading time":"2 minutes"},"schema":{"@context":"https:\/\/schema.org","@graph":[{"@type":"WebPage","@id":"https:\/\/statkevicius.shop\/grazinimas-ir-keitimas\/","url":"https:\/\/statkevicius.shop\/grazinimas-ir-keitimas\/","name":"Gr\u0105\u017einimas ir keitimas - JUOZAS STATKEVICIUS","isPartOf":{"@id":"https:\/\/statkevicius.shop\/en\/#website"},"datePublished":"2023-06-23T07:03:05+00:00","dateModified":"2023-09-21T13:34:17+00:00","breadcrumb":{"@id":"https:\/\/statkevicius.shop\/grazinimas-ir-keitimas\/#breadcrumb"},"inLanguage":"en-US","potentialAction":[{"@type":"ReadAction","target":["https:\/\/statkevicius.shop\/grazinimas-ir-keitimas\/"]}]},{"@type":"BreadcrumbList","@id":"https:\/\/statkevicius.shop\/grazinimas-ir-keitimas\/#breadcrumb","itemListElement":[{"@type":"ListItem","position":1,"name":"Home","item":"https:\/\/statkevicius.shop\/en\/"},{"@type":"ListItem","position":2,"name":"Gr\u0105\u017einimas ir keitimas"}]},{"@type":"WebSite","@id":"https:\/\/statkevicius.shop\/en\/#website","url":"https:\/\/statkevicius.shop\/en\/","name":"JUOZAS STATKEVICIUS","description":"Couture","publisher":{"@id":"https:\/\/statkevicius.shop\/en\/#organization"},"potentialAction":[{"@type":"SearchAction","target":{"@type":"EntryPoint","urlTemplate":"https:\/\/statkevicius.shop\/en\/?s={search_term_string}"},"query-input":"required name=search_term_string"}],"inLanguage":"en-US"},{"@type":"Organization","@id":"https:\/\/statkevicius.shop\/en\/#organization","name":"JUOZAS STATKEVICIUS","url":"https:\/\/statkevicius.shop\/en\/","logo":{"@type":"ImageObject","inLanguage":"en-US","@id":"https:\/\/statkevicius.shop\/en\/#\/schema\/logo\/image\/","url":"https:\/\/statkevicius.shop\/wp-content\/uploads\/2023\/04\/cropped-JS-logo.png","contentUrl":"https:\/\/statkevicius.shop\/wp-content\/uploads\/2023\/04\/cropped-JS-logo.png","width":842,"height":93,"caption":"JUOZAS STATKEVICIUS"},"image":{"@id":"https:\/\/statkevicius.shop\/en\/#\/schema\/logo\/image\/"}}]}},"_links":{"self":[{"href":"https:\/\/statkevicius.shop\/en\/wp-json\/wp\/v2\/pages\/13723"}],"collection":[{"href":"https:\/\/statkevicius.shop\/en\/wp-json\/wp\/v2\/pages"}],"about":[{"href":"https:\/\/statkevicius.shop\/en\/wp-json\/wp\/v2\/types\/page"}],"author":[{"embeddable":true,"href":"https:\/\/statkevicius.shop\/en\/wp-json\/wp\/v2\/users\/1"}],"replies":[{"embeddable":true,"href":"https:\/\/statkevicius.shop\/en\/wp-json\/wp\/v2\/comments?post=13723"}],"version-history":[{"count":0,"href":"https:\/\/statkevicius.shop\/en\/wp-json\/wp\/v2\/pages\/13723\/revisions"}],"wp:attachment":[{"href":"https:\/\/statkevicius.shop\/en\/wp-json\/wp\/v2\/media?parent=13723"}],"curies":[{"name":"wp","href":"https:\/\/api.w.org\/{rel}","templated":true}]}}